{"id":6547,"date":"2024-09-13T13:10:01","date_gmt":"2024-09-13T11:10:01","guid":{"rendered":"https:\/\/bluebird-gems.com\/?post_type=product&#038;p=6547"},"modified":"2026-02-05T19:19:02","modified_gmt":"2026-02-05T18:19:02","slug":"black-diamond-ring","status":"publish","type":"product","link":"https:\/\/bluebird-gems.com\/fr\/black-diamond-ring\/","title":{"rendered":"PERFECTLY BLACK"},"content":{"rendered":"<p><strong>Perfectly Black<\/strong> est une bague qu\u2019on porte sans y penser : un anneau fin en or blanc 18 carats, d\u00e9licatement serti de diamants noirs naturels, pens\u00e9 pour capter la lumi\u00e8re \u00e0 chaque mouvement.<\/p>\n<p>&nbsp;<\/p>\n<p>Sa silhouette est nette et graphique, \u00e0 la fois discr\u00e8te et r\u00e9solument moderne, avec une vraie pr\u00e9sence.<\/p>\n<p>&nbsp;<\/p>\n<p>Elle se porte seule pour une allure minimaliste et affirm\u00e9e, ou s\u2019associe parfaitement avec ses cousines <strong>Perfectly White<\/strong> et <strong>Perfectly Rose<\/strong> pour cr\u00e9er un trio qui joue sur les contrastes et les tonalit\u00e9s.<\/p>\n<p>&nbsp;<\/p>\n<p>Une bague faite pour \u00eatre port\u00e9e chaque jour et gard\u00e9e pour toujours.<\/p>\n<p>&nbsp;<\/p>\n<p><strong>A associer avec:<\/strong><br \/>\n<a href=\"https:\/\/bluebird-gems.com\/fr\/diamond-ring\/\">Perfectly White<\/a> |<br \/>\n<a href=\"https:\/\/bluebird-gems.com\/fr\/diamond-ring-rose-gold\/\">Perfectly Rose<\/a><\/p>","protected":false},"excerpt":{"rendered":"<p>\u2022 <strong data-start=\"565\" data-end=\"578\">Materiau:<\/strong> or blanc 18 carats (750\/1000)<br data-start=\"604\" data-end=\"607\" \/>\u2022 <strong data-start=\"609\" data-end=\"627\">Pierres d'accents:<\/strong> 25 diamants noirs naturels<br data-start=\"653\" data-end=\"656\" \/>\u2022 <strong data-start=\"658\" data-end=\"683\">Poid total des diamants:<\/strong> 0.12 carat<br data-start=\"694\" data-end=\"697\" \/>\u2022 <strong data-start=\"699\" data-end=\"711\" data-is-only-node=\"\">Sertissage:<\/strong> Pav\u00e9<br data-start=\"716\" data-end=\"719\" \/>\u2022 <strong data-start=\"721\" data-end=\"732\">Finition:<\/strong> Polie<br data-start=\"741\" data-end=\"744\" \/>\u2022 <strong data-start=\"746\" data-end=\"792\">S\u00e9lectionn\u00e9e et certifi\u00e9e par nos gemmologues<\/strong><\/p>","protected":false},"featured_media":6465,"template":"","meta":{"site-sidebar-layout":"default","site-content-layout":"","ast-site-content-layout":"default","site-content-style":"default","site-sidebar-style":"default","ast-global-header-display":"","ast-banner-title-visibility":"","ast-main-header-display":"","ast-hfb-above-header-display":"","ast-hfb-below-header-display":"","ast-hfb-mobile-header-display":"","site-post-title":"","ast-breadcrumbs-content":"","ast-featured-img":"","footer-sml-layout":"","ast-disable-related-posts":"","theme-transparent-header-meta":"default","adv-header-id-meta":"","stick-header-meta":"","header-above-stick-meta":"","header-main-stick-meta":"","header-below-stick-meta":"","astra-migrate-meta-layouts":"set","ast-page-background-enabled":"default","ast-page-background-meta":{"desktop":{"background-color":"var(--ast-global-color-4)","background-image":"","background-repeat":"repeat","background-position":"center center","background-size":"auto","background-attachment":"scroll","background-type":"","background-media":"","overlay-type":"","overlay-color":"","overlay-opacity":"","overlay-gradient":""},"tablet":{"background-color":"","background-image":"","background-repeat":"repeat","background-position":"center center","background-size":"auto","background-attachment":"scroll","background-type":"","background-media":"","overlay-type":"","overlay-color":"","overlay-opacity":"","overlay-gradient":""},"mobile":{"background-color":"","background-image":"","background-repeat":"repeat","background-position":"center center","background-size":"auto","background-attachment":"scroll","background-type":"","background-media":"","overlay-type":"","overlay-color":"","overlay-opacity":"","overlay-gradient":""}},"ast-content-background-meta":{"desktop":{"background-color":"var(--ast-global-color-5)","background-image":"","background-repeat":"repeat","background-position":"center center","background-size":"auto","background-attachment":"scroll","background-type":"","background-media":"","overlay-type":"","overlay-color":"","overlay-opacity":"","overlay-gradient":""},"tablet":{"background-color":"var(--ast-global-color-5)","background-image":"","background-repeat":"repeat","background-position":"center center","background-size":"auto","background-attachment":"scroll","background-type":"","background-media":"","overlay-type":"","overlay-color":"","overlay-opacity":"","overlay-gradient":""},"mobile":{"background-color":"var(--ast-global-color-5)","background-image":"","background-repeat":"repeat","background-position":"center center","background-size":"auto","background-attachment":"scroll","background-type":"","background-media":"","overlay-type":"","overlay-color":"","overlay-opacity":"","overlay-gradient":""}}},"product_brand":[],"product_cat":[26,25],"product_tag":[],"class_list":{"0":"post-6547","1":"product","2":"type-product","3":"status-publish","4":"has-post-thumbnail","6":"product_cat-rings","7":"product_cat-jewel","8":"desktop-align-left","9":"tablet-align-left","10":"mobile-align-left","12":"first","13":"instock","14":"shipping-taxable","15":"purchasable","16":"product-type-simple"},"_links":{"self":[{"href":"https:\/\/bluebird-gems.com\/fr\/wp-json\/wp\/v2\/product\/6547","targetHints":{"allow":["GET"]}}],"collection":[{"href":"https:\/\/bluebird-gems.com\/fr\/wp-json\/wp\/v2\/product"}],"about":[{"href":"https:\/\/bluebird-gems.com\/fr\/wp-json\/wp\/v2\/types\/product"}],"wp:featuredmedia":[{"embeddable":true,"href":"https:\/\/bluebird-gems.com\/fr\/wp-json\/wp\/v2\/media\/6465"}],"wp:attachment":[{"href":"https:\/\/bluebird-gems.com\/fr\/wp-json\/wp\/v2\/media?parent=6547"}],"wp:term":[{"taxonomy":"product_brand","embeddable":true,"href":"https:\/\/bluebird-gems.com\/fr\/wp-json\/wp\/v2\/product_brand?post=6547"},{"taxonomy":"product_cat","embeddable":true,"href":"https:\/\/bluebird-gems.com\/fr\/wp-json\/wp\/v2\/product_cat?post=6547"},{"taxonomy":"product_tag","embeddable":true,"href":"https:\/\/bluebird-gems.com\/fr\/wp-json\/wp\/v2\/product_tag?post=6547"}],"curies":[{"name":"wp","href":"https:\/\/api.w.org\/{rel}","templated":true}]}}