{"id":6548,"date":"2024-09-13T13:11:20","date_gmt":"2024-09-13T11:11:20","guid":{"rendered":"https:\/\/bluebird-gems.com\/?post_type=product&#038;p=6548"},"modified":"2026-02-05T18:34:44","modified_gmt":"2026-02-05T17:34:44","slug":"diamond-ring","status":"publish","type":"product","link":"https:\/\/bluebird-gems.com\/fr\/diamond-ring\/","title":{"rendered":"PERFECTLY WHITE"},"content":{"rendered":"<p><strong>Perfectly White<\/strong> est une bague qu\u2019on porte sans y penser : un anneau fin en or blanc 18 carats, d\u00e9licatement serti de diamants blancs naturels, pens\u00e9 pour capter la lumi\u00e8re \u00e0 chaque mouvement.<\/p>\n<p>&nbsp;<\/p>\n<p>Sa silhouette est pure et lumineuse, \u00e0 la fois discr\u00e8te et \u00e9l\u00e9gante.<\/p>\n<p>&nbsp;<\/p>\n<p>Elle se porte seule pour un style \u00e9pur\u00e9 et moderne, ou s\u2019associe parfaitement avec ses cousines <strong>Perfectly Rose<\/strong> et <strong>Perfectly Black<\/strong> pour cr\u00e9er un trio qui joue sur les contrastes et les tonalit\u00e9s.<\/p>\n<p>&nbsp;<\/p>\n<p>Une bague faite pour \u00eatre port\u00e9e chaque jour et gard\u00e9e pour toujours.<\/p>\n<p>&nbsp;<\/p>\n<p><strong>A associer avec:<\/strong><br \/>\n<a href=\"https:\/\/bluebird-gems.com\/fr\/diamond-ring-rose-gold\/\">Perfectly Rose<\/a> | <a href=\"https:\/\/bluebird-gems.com\/fr\/black-diamond-ring\/\">Perfectly Black<\/a><\/p>","protected":false},"excerpt":{"rendered":"<p>\u2022 <strong data-start=\"575\" data-end=\"588\">Materiau:<\/strong> or blanc 18 carats (750\/1000)<br data-start=\"614\" data-end=\"617\" \/>\u2022 <strong data-start=\"619\" data-end=\"637\">Pierres d'accents:<\/strong> 25 Diamants blancs naturels (G-VS)<br data-start=\"670\" data-end=\"673\" \/>\u2022 <strong data-start=\"675\" data-end=\"700\">Poid total des diamants:<\/strong> 0.12 carat<br data-start=\"711\" data-end=\"714\" \/>\u2022 <strong data-start=\"716\" data-end=\"728\" data-is-only-node=\"\">Sertissage:<\/strong> Pav\u00e9<br data-start=\"733\" data-end=\"736\" \/>\u2022 <strong data-start=\"738\" data-end=\"749\">Finition:<\/strong> Polie<br data-start=\"758\" data-end=\"761\" \/>\u2022 <strong data-start=\"763\" data-end=\"809\">S\u00e9lectionn\u00e9e et certifi\u00e9e par nos gemmologues<\/strong><\/p>","protected":false},"featured_media":6468,"template":"","meta":{"site-sidebar-layout":"default","site-content-layout":"","ast-site-content-layout":"default","site-content-style":"default","site-sidebar-style":"default","ast-global-header-display":"","ast-banner-title-visibility":"","ast-main-header-display":"","ast-hfb-above-header-display":"","ast-hfb-below-header-display":"","ast-hfb-mobile-header-display":"","site-post-title":"","ast-breadcrumbs-content":"","ast-featured-img":"","footer-sml-layout":"","ast-disable-related-posts":"","theme-transparent-header-meta":"default","adv-header-id-meta":"","stick-header-meta":"","header-above-stick-meta":"","header-main-stick-meta":"","header-below-stick-meta":"","astra-migrate-meta-layouts":"set","ast-page-background-enabled":"default","ast-page-background-meta":{"desktop":{"background-color":"var(--ast-global-color-4)","background-image":"","background-repeat":"repeat","background-position":"center center","background-size":"auto","background-attachment":"scroll","background-type":"","background-media":"","overlay-type":"","overlay-color":"","overlay-opacity":"","overlay-gradient":""},"tablet":{"background-color":"","background-image":"","background-repeat":"repeat","background-position":"center center","background-size":"auto","background-attachment":"scroll","background-type":"","background-media":"","overlay-type":"","overlay-color":"","overlay-opacity":"","overlay-gradient":""},"mobile":{"background-color":"","background-image":"","background-repeat":"repeat","background-position":"center center","background-size":"auto","background-attachment":"scroll","background-type":"","background-media":"","overlay-type":"","overlay-color":"","overlay-opacity":"","overlay-gradient":""}},"ast-content-background-meta":{"desktop":{"background-color":"var(--ast-global-color-5)","background-image":"","background-repeat":"repeat","background-position":"center center","background-size":"auto","background-attachment":"scroll","background-type":"","background-media":"","overlay-type":"","overlay-color":"","overlay-opacity":"","overlay-gradient":""},"tablet":{"background-color":"var(--ast-global-color-5)","background-image":"","background-repeat":"repeat","background-position":"center center","background-size":"auto","background-attachment":"scroll","background-type":"","background-media":"","overlay-type":"","overlay-color":"","overlay-opacity":"","overlay-gradient":""},"mobile":{"background-color":"var(--ast-global-color-5)","background-image":"","background-repeat":"repeat","background-position":"center center","background-size":"auto","background-attachment":"scroll","background-type":"","background-media":"","overlay-type":"","overlay-color":"","overlay-opacity":"","overlay-gradient":""}}},"product_brand":[],"product_cat":[26,25],"product_tag":[],"class_list":{"0":"post-6548","1":"product","2":"type-product","3":"status-publish","4":"has-post-thumbnail","6":"product_cat-rings","7":"product_cat-jewel","8":"desktop-align-left","9":"tablet-align-left","10":"mobile-align-left","12":"first","13":"instock","14":"shipping-taxable","15":"purchasable","16":"product-type-simple"},"_links":{"self":[{"href":"https:\/\/bluebird-gems.com\/fr\/wp-json\/wp\/v2\/product\/6548","targetHints":{"allow":["GET"]}}],"collection":[{"href":"https:\/\/bluebird-gems.com\/fr\/wp-json\/wp\/v2\/product"}],"about":[{"href":"https:\/\/bluebird-gems.com\/fr\/wp-json\/wp\/v2\/types\/product"}],"wp:featuredmedia":[{"embeddable":true,"href":"https:\/\/bluebird-gems.com\/fr\/wp-json\/wp\/v2\/media\/6468"}],"wp:attachment":[{"href":"https:\/\/bluebird-gems.com\/fr\/wp-json\/wp\/v2\/media?parent=6548"}],"wp:term":[{"taxonomy":"product_brand","embeddable":true,"href":"https:\/\/bluebird-gems.com\/fr\/wp-json\/wp\/v2\/product_brand?post=6548"},{"taxonomy":"product_cat","embeddable":true,"href":"https:\/\/bluebird-gems.com\/fr\/wp-json\/wp\/v2\/product_cat?post=6548"},{"taxonomy":"product_tag","embeddable":true,"href":"https:\/\/bluebird-gems.com\/fr\/wp-json\/wp\/v2\/product_tag?post=6548"}],"curies":[{"name":"wp","href":"https:\/\/api.w.org\/{rel}","templated":true}]}}