{"id":6550,"date":"2024-09-13T13:34:26","date_gmt":"2024-09-13T11:34:26","guid":{"rendered":"https:\/\/bluebird-gems.com\/?post_type=product&#038;p=6550"},"modified":"2026-02-04T18:37:39","modified_gmt":"2026-02-04T17:37:39","slug":"rail-set-diamond-ring","status":"publish","type":"product","link":"https:\/\/bluebird-gems.com\/fr\/rail-set-diamond-ring\/","title":{"rendered":"ENDLESS"},"content":{"rendered":"<p><strong>Endless<\/strong> est une bague pens\u00e9e pour \u00eatre port\u00e9e chaque jour et conserv\u00e9e pour toujours.<\/p>\n<p>&nbsp;<\/p>\n<p>Son design \u00e9pur\u00e9 met en valeur une ligne d\u00e9licate de diamants blancs naturels, sertis avec pr\u00e9cision sur un anneau fin en or blanc 18 carats.<\/p>\n<p>&nbsp;<\/p>\n<p>\u00c0 la fois minimaliste et intemporelle, Endless incarne la continuit\u00e9, l\u2019\u00e9quilibre et l\u2019\u00e9l\u00e9gance discr\u00e8te.<\/p>\n<p>&nbsp;<\/p>\n<p>Une bague qui accompagne chaque instant, sans jamais perdre son sens.<\/p>","protected":false},"excerpt":{"rendered":"<ul>\n<li data-start=\"621\" data-end=\"664\">\n<p data-start=\"623\" data-end=\"664\"><strong data-start=\"623\" data-end=\"636\">Materiau:<\/strong> or blanc 18 carats (750\/1000)<\/p>\n<\/li>\n<li data-start=\"665\" data-end=\"720\">\n<p data-start=\"667\" data-end=\"720\"><strong data-start=\"667\" data-end=\"685\">Pierres d'accents:<\/strong> 20 diamants blancs naturels (G-VS)<\/p>\n<\/li>\n<li data-start=\"721\" data-end=\"761\">\n<p data-start=\"723\" data-end=\"761\"><strong data-start=\"723\" data-end=\"748\">Poid total des diamants:<\/strong> 0.36 carat<\/p>\n<\/li>\n<li data-start=\"762\" data-end=\"790\">\n<p data-start=\"764\" data-end=\"790\"><strong data-start=\"764\" data-end=\"776\">Sertissage:<\/strong> R\u00e9alis\u00e9 \u00e0 la main<\/p>\n<\/li>\n<li data-start=\"791\" data-end=\"815\">\n<p data-start=\"793\" data-end=\"815\"><strong data-start=\"793\" data-end=\"804\">Finition:<\/strong> Polie<\/p>\n<\/li>\n<li data-start=\"816\" data-end=\"863\">\n<p data-start=\"818\" data-end=\"863\"><strong data-start=\"818\" data-end=\"863\">S\u00e9lectionn\u00e9e et certifi\u00e9e par nos gemmologues<\/strong><\/p>\n<\/li>\n<\/ul>","protected":false},"featured_media":6474,"template":"","meta":{"site-sidebar-layout":"default","site-content-layout":"","ast-site-content-layout":"default","site-content-style":"default","site-sidebar-style":"default","ast-global-header-display":"","ast-banner-title-visibility":"","ast-main-header-display":"","ast-hfb-above-header-display":"","ast-hfb-below-header-display":"","ast-hfb-mobile-header-display":"","site-post-title":"","ast-breadcrumbs-content":"","ast-featured-img":"","footer-sml-layout":"","ast-disable-related-posts":"","theme-transparent-header-meta":"default","adv-header-id-meta":"","stick-header-meta":"","header-above-stick-meta":"","header-main-stick-meta":"","header-below-stick-meta":"","astra-migrate-meta-layouts":"set","ast-page-background-enabled":"default","ast-page-background-meta":{"desktop":{"background-color":"var(--ast-global-color-4)","background-image":"","background-repeat":"repeat","background-position":"center center","background-size":"auto","background-attachment":"scroll","background-type":"","background-media":"","overlay-type":"","overlay-color":"","overlay-opacity":"","overlay-gradient":""},"tablet":{"background-color":"","background-image":"","background-repeat":"repeat","background-position":"center center","background-size":"auto","background-attachment":"scroll","background-type":"","background-media":"","overlay-type":"","overlay-color":"","overlay-opacity":"","overlay-gradient":""},"mobile":{"background-color":"","background-image":"","background-repeat":"repeat","background-position":"center center","background-size":"auto","background-attachment":"scroll","background-type":"","background-media":"","overlay-type":"","overlay-color":"","overlay-opacity":"","overlay-gradient":""}},"ast-content-background-meta":{"desktop":{"background-color":"var(--ast-global-color-5)","background-image":"","background-repeat":"repeat","background-position":"center center","background-size":"auto","background-attachment":"scroll","background-type":"","background-media":"","overlay-type":"","overlay-color":"","overlay-opacity":"","overlay-gradient":""},"tablet":{"background-color":"var(--ast-global-color-5)","background-image":"","background-repeat":"repeat","background-position":"center center","background-size":"auto","background-attachment":"scroll","background-type":"","background-media":"","overlay-type":"","overlay-color":"","overlay-opacity":"","overlay-gradient":""},"mobile":{"background-color":"var(--ast-global-color-5)","background-image":"","background-repeat":"repeat","background-position":"center center","background-size":"auto","background-attachment":"scroll","background-type":"","background-media":"","overlay-type":"","overlay-color":"","overlay-opacity":"","overlay-gradient":""}}},"product_brand":[],"product_cat":[26,25],"product_tag":[],"class_list":{"0":"post-6550","1":"product","2":"type-product","3":"status-publish","4":"has-post-thumbnail","6":"product_cat-rings","7":"product_cat-jewel","8":"desktop-align-left","9":"tablet-align-left","10":"mobile-align-left","12":"first","13":"instock","14":"shipping-taxable","15":"purchasable","16":"product-type-simple"},"_links":{"self":[{"href":"https:\/\/bluebird-gems.com\/fr\/wp-json\/wp\/v2\/product\/6550","targetHints":{"allow":["GET"]}}],"collection":[{"href":"https:\/\/bluebird-gems.com\/fr\/wp-json\/wp\/v2\/product"}],"about":[{"href":"https:\/\/bluebird-gems.com\/fr\/wp-json\/wp\/v2\/types\/product"}],"wp:featuredmedia":[{"embeddable":true,"href":"https:\/\/bluebird-gems.com\/fr\/wp-json\/wp\/v2\/media\/6474"}],"wp:attachment":[{"href":"https:\/\/bluebird-gems.com\/fr\/wp-json\/wp\/v2\/media?parent=6550"}],"wp:term":[{"taxonomy":"product_brand","embeddable":true,"href":"https:\/\/bluebird-gems.com\/fr\/wp-json\/wp\/v2\/product_brand?post=6550"},{"taxonomy":"product_cat","embeddable":true,"href":"https:\/\/bluebird-gems.com\/fr\/wp-json\/wp\/v2\/product_cat?post=6550"},{"taxonomy":"product_tag","embeddable":true,"href":"https:\/\/bluebird-gems.com\/fr\/wp-json\/wp\/v2\/product_tag?post=6550"}],"curies":[{"name":"wp","href":"https:\/\/api.w.org\/{rel}","templated":true}]}}