{"id":6551,"date":"2024-09-13T13:37:54","date_gmt":"2024-09-13T11:37:54","guid":{"rendered":"https:\/\/bluebird-gems.com\/?post_type=product&#038;p=6551"},"modified":"2026-02-04T18:06:01","modified_gmt":"2026-02-04T17:06:01","slug":"bezel-set-diamond-ring","status":"publish","type":"product","link":"https:\/\/bluebird-gems.com\/fr\/bezel-set-diamond-ring\/","title":{"rendered":"UHAINA"},"content":{"rendered":"<p><strong>UHAINA<\/strong> du mot basque signifiant \u00ab vague \u00bb traduit un mouvement doux et r\u00e9gulier en or blanc.<\/p>\n<p>&nbsp;<\/p>\n<p>Ses sept diamants blancs naturels, sertis en ligne, dessinent une courbe lumineuse et \u00e9pur\u00e9e qui suit la main avec naturel.<\/p>\n<p>&nbsp;<\/p>\n<p>Minimaliste, raffin\u00e9e et facile \u00e0 porter, UHAINA est une bague pens\u00e9e pour briller au quotidien, sans jamais se d\u00e9moder.<\/p>","protected":false},"excerpt":{"rendered":"<ul>\n<li data-start=\"142\" data-end=\"185\">\n<p data-start=\"144\" data-end=\"185\"><strong data-start=\"144\" data-end=\"157\">Materiau:<\/strong> or blanc 18 carats (750\/1000)<\/p>\n<\/li>\n<li data-start=\"186\" data-end=\"238\">\n<p data-start=\"188\" data-end=\"238\"><strong data-start=\"188\" data-end=\"206\">Pierres d'accents:<\/strong> Diamants blancs naturels (H-SI)<\/p>\n<\/li>\n<li data-start=\"239\" data-end=\"279\">\n<p data-start=\"241\" data-end=\"279\"><strong data-start=\"241\" data-end=\"266\">Poid total des diamants:<\/strong> 0.13 carat<\/p>\n<\/li>\n<li data-start=\"280\" data-end=\"305\">\n<p data-start=\"282\" data-end=\"305\"><strong data-start=\"282\" data-end=\"294\">Sertissage:<\/strong> R\u00e9alis\u00e9 \u00e0 la main<\/p>\n<\/li>\n<li data-start=\"306\" data-end=\"330\">\n<p data-start=\"308\" data-end=\"330\"><strong data-start=\"308\" data-end=\"319\">Finition:<\/strong> Polie<\/p>\n<\/li>\n<li data-start=\"331\" data-end=\"388\">\n<p data-start=\"333\" data-end=\"388\"><strong data-start=\"333\" data-end=\"388\">S\u00e9lectionn\u00e9e et certifi\u00e9e par nos gemmologues<\/strong><\/p>\n<\/li>\n<\/ul>","protected":false},"featured_media":6477,"template":"","meta":{"site-sidebar-layout":"default","site-content-layout":"","ast-site-content-layout":"default","site-content-style":"default","site-sidebar-style":"default","ast-global-header-display":"","ast-banner-title-visibility":"","ast-main-header-display":"","ast-hfb-above-header-display":"","ast-hfb-below-header-display":"","ast-hfb-mobile-header-display":"","site-post-title":"","ast-breadcrumbs-content":"","ast-featured-img":"","footer-sml-layout":"","ast-disable-related-posts":"","theme-transparent-header-meta":"default","adv-header-id-meta":"","stick-header-meta":"","header-above-stick-meta":"","header-main-stick-meta":"","header-below-stick-meta":"","astra-migrate-meta-layouts":"set","ast-page-background-enabled":"default","ast-page-background-meta":{"desktop":{"background-color":"var(--ast-global-color-4)","background-image":"","background-repeat":"repeat","background-position":"center center","background-size":"auto","background-attachment":"scroll","background-type":"","background-media":"","overlay-type":"","overlay-color":"","overlay-opacity":"","overlay-gradient":""},"tablet":{"background-color":"","background-image":"","background-repeat":"repeat","background-position":"center center","background-size":"auto","background-attachment":"scroll","background-type":"","background-media":"","overlay-type":"","overlay-color":"","overlay-opacity":"","overlay-gradient":""},"mobile":{"background-color":"","background-image":"","background-repeat":"repeat","background-position":"center center","background-size":"auto","background-attachment":"scroll","background-type":"","background-media":"","overlay-type":"","overlay-color":"","overlay-opacity":"","overlay-gradient":""}},"ast-content-background-meta":{"desktop":{"background-color":"var(--ast-global-color-5)","background-image":"","background-repeat":"repeat","background-position":"center center","background-size":"auto","background-attachment":"scroll","background-type":"","background-media":"","overlay-type":"","overlay-color":"","overlay-opacity":"","overlay-gradient":""},"tablet":{"background-color":"var(--ast-global-color-5)","background-image":"","background-repeat":"repeat","background-position":"center center","background-size":"auto","background-attachment":"scroll","background-type":"","background-media":"","overlay-type":"","overlay-color":"","overlay-opacity":"","overlay-gradient":""},"mobile":{"background-color":"var(--ast-global-color-5)","background-image":"","background-repeat":"repeat","background-position":"center center","background-size":"auto","background-attachment":"scroll","background-type":"","background-media":"","overlay-type":"","overlay-color":"","overlay-opacity":"","overlay-gradient":""}}},"product_brand":[],"product_cat":[26,25],"product_tag":[],"class_list":{"0":"post-6551","1":"product","2":"type-product","3":"status-publish","4":"has-post-thumbnail","6":"product_cat-rings","7":"product_cat-jewel","8":"desktop-align-left","9":"tablet-align-left","10":"mobile-align-left","12":"first","13":"instock","14":"shipping-taxable","15":"purchasable","16":"product-type-simple"},"_links":{"self":[{"href":"https:\/\/bluebird-gems.com\/fr\/wp-json\/wp\/v2\/product\/6551","targetHints":{"allow":["GET"]}}],"collection":[{"href":"https:\/\/bluebird-gems.com\/fr\/wp-json\/wp\/v2\/product"}],"about":[{"href":"https:\/\/bluebird-gems.com\/fr\/wp-json\/wp\/v2\/types\/product"}],"wp:featuredmedia":[{"embeddable":true,"href":"https:\/\/bluebird-gems.com\/fr\/wp-json\/wp\/v2\/media\/6477"}],"wp:attachment":[{"href":"https:\/\/bluebird-gems.com\/fr\/wp-json\/wp\/v2\/media?parent=6551"}],"wp:term":[{"taxonomy":"product_brand","embeddable":true,"href":"https:\/\/bluebird-gems.com\/fr\/wp-json\/wp\/v2\/product_brand?post=6551"},{"taxonomy":"product_cat","embeddable":true,"href":"https:\/\/bluebird-gems.com\/fr\/wp-json\/wp\/v2\/product_cat?post=6551"},{"taxonomy":"product_tag","embeddable":true,"href":"https:\/\/bluebird-gems.com\/fr\/wp-json\/wp\/v2\/product_tag?post=6551"}],"curies":[{"name":"wp","href":"https:\/\/api.w.org\/{rel}","templated":true}]}}