{"id":6552,"date":"2024-09-13T13:53:11","date_gmt":"2024-09-13T11:53:11","guid":{"rendered":"https:\/\/bluebird-gems.com\/?post_type=product&#038;p=6552"},"modified":"2026-02-04T17:48:42","modified_gmt":"2026-02-04T16:48:42","slug":"diamond-solitaire","status":"publish","type":"product","link":"https:\/\/bluebird-gems.com\/fr\/diamond-solitaire\/","title":{"rendered":"ESPRIT"},"content":{"rendered":"<p><strong>ESPRIT<\/strong> est une signature de lumi\u00e8re, pure et raffin\u00e9e \u2014 un solitaire \u00e9l\u00e9gant sublim\u00e9 par un anneau d\u00e9licatement serti de diamants.<\/p>\n<p>&nbsp;<\/p>\n<p>En or blanc 18 carats, son diamant blanc naturel r\u00e9v\u00e8le un \u00e9clat net et intemporel, tandis que le pavage apporte une brillance discr\u00e8te \u00e0 chaque mouvement.<\/p>\n<p>&nbsp;<\/p>\n<p>Intemporelle et pr\u00e9cieuse, ESPRIT est une bague faite pour \u00eatre port\u00e9e chaque jour, et gard\u00e9e pour toujours.<\/p>","protected":false},"excerpt":{"rendered":"<ul>\n<li data-start=\"240\" data-end=\"283\">\n<p data-start=\"242\" data-end=\"283\"><strong data-start=\"242\" data-end=\"255\">Materiau:<\/strong> or blanc 18 carats (750\/1000)<\/p>\n<\/li>\n<li data-start=\"284\" data-end=\"334\">\n<p data-start=\"286\" data-end=\"334\"><strong data-start=\"286\" data-end=\"303\">Pierre centrale:<\/strong> Diamant blanc naturel (G-VS)<\/p>\n<\/li>\n<li data-start=\"335\" data-end=\"374\">\n<p data-start=\"337\" data-end=\"374\"><strong data-start=\"337\" data-end=\"361\">Poids pierre centrale :<\/strong> 0.20 carat<\/p>\n<\/li>\n<li data-start=\"375\" data-end=\"427\">\n<p data-start=\"377\" data-end=\"427\"><strong data-start=\"377\" data-end=\"395\">Pierres d'accents:<\/strong> Diamants blancs naturels (G-VS)<\/p>\n<\/li>\n<li data-start=\"428\" data-end=\"468\">\n<p data-start=\"430\" data-end=\"468\"><strong data-start=\"430\" data-end=\"455\">Poid total des diamants:<\/strong> 0.29 carat<\/p>\n<\/li>\n<li data-start=\"469\" data-end=\"494\">\n<p data-start=\"471\" data-end=\"494\"><strong data-start=\"471\" data-end=\"483\">Sertissage:<\/strong> R\u00e9alis\u00e9 \u00e0 la main<\/p>\n<\/li>\n<li data-start=\"495\" data-end=\"519\">\n<p data-start=\"497\" data-end=\"519\"><strong data-start=\"497\" data-end=\"508\">Finition:<\/strong> Polie<\/p>\n<\/li>\n<li data-start=\"520\" data-end=\"577\">\n<p data-start=\"522\" data-end=\"577\"><strong data-start=\"522\" data-end=\"577\">S\u00e9lectionn\u00e9e et certifi\u00e9e par nos gemmologues<\/strong><\/p>\n<\/li>\n<\/ul>","protected":false},"featured_media":6480,"template":"","meta":{"site-sidebar-layout":"default","site-content-layout":"","ast-site-content-layout":"default","site-content-style":"default","site-sidebar-style":"default","ast-global-header-display":"","ast-banner-title-visibility":"","ast-main-header-display":"","ast-hfb-above-header-display":"","ast-hfb-below-header-display":"","ast-hfb-mobile-header-display":"","site-post-title":"","ast-breadcrumbs-content":"","ast-featured-img":"","footer-sml-layout":"","ast-disable-related-posts":"","theme-transparent-header-meta":"default","adv-header-id-meta":"","stick-header-meta":"","header-above-stick-meta":"","header-main-stick-meta":"","header-below-stick-meta":"","astra-migrate-meta-layouts":"set","ast-page-background-enabled":"default","ast-page-background-meta":{"desktop":{"background-color":"var(--ast-global-color-4)","background-image":"","background-repeat":"repeat","background-position":"center center","background-size":"auto","background-attachment":"scroll","background-type":"","background-media":"","overlay-type":"","overlay-color":"","overlay-opacity":"","overlay-gradient":""},"tablet":{"background-color":"","background-image":"","background-repeat":"repeat","background-position":"center center","background-size":"auto","background-attachment":"scroll","background-type":"","background-media":"","overlay-type":"","overlay-color":"","overlay-opacity":"","overlay-gradient":""},"mobile":{"background-color":"","background-image":"","background-repeat":"repeat","background-position":"center center","background-size":"auto","background-attachment":"scroll","background-type":"","background-media":"","overlay-type":"","overlay-color":"","overlay-opacity":"","overlay-gradient":""}},"ast-content-background-meta":{"desktop":{"background-color":"var(--ast-global-color-5)","background-image":"","background-repeat":"repeat","background-position":"center center","background-size":"auto","background-attachment":"scroll","background-type":"","background-media":"","overlay-type":"","overlay-color":"","overlay-opacity":"","overlay-gradient":""},"tablet":{"background-color":"var(--ast-global-color-5)","background-image":"","background-repeat":"repeat","background-position":"center center","background-size":"auto","background-attachment":"scroll","background-type":"","background-media":"","overlay-type":"","overlay-color":"","overlay-opacity":"","overlay-gradient":""},"mobile":{"background-color":"var(--ast-global-color-5)","background-image":"","background-repeat":"repeat","background-position":"center center","background-size":"auto","background-attachment":"scroll","background-type":"","background-media":"","overlay-type":"","overlay-color":"","overlay-opacity":"","overlay-gradient":""}}},"product_brand":[],"product_cat":[26,25],"product_tag":[],"class_list":{"0":"post-6552","1":"product","2":"type-product","3":"status-publish","4":"has-post-thumbnail","6":"product_cat-rings","7":"product_cat-jewel","8":"desktop-align-left","9":"tablet-align-left","10":"mobile-align-left","12":"first","13":"instock","14":"shipping-taxable","15":"purchasable","16":"product-type-simple"},"_links":{"self":[{"href":"https:\/\/bluebird-gems.com\/fr\/wp-json\/wp\/v2\/product\/6552","targetHints":{"allow":["GET"]}}],"collection":[{"href":"https:\/\/bluebird-gems.com\/fr\/wp-json\/wp\/v2\/product"}],"about":[{"href":"https:\/\/bluebird-gems.com\/fr\/wp-json\/wp\/v2\/types\/product"}],"wp:featuredmedia":[{"embeddable":true,"href":"https:\/\/bluebird-gems.com\/fr\/wp-json\/wp\/v2\/media\/6480"}],"wp:attachment":[{"href":"https:\/\/bluebird-gems.com\/fr\/wp-json\/wp\/v2\/media?parent=6552"}],"wp:term":[{"taxonomy":"product_brand","embeddable":true,"href":"https:\/\/bluebird-gems.com\/fr\/wp-json\/wp\/v2\/product_brand?post=6552"},{"taxonomy":"product_cat","embeddable":true,"href":"https:\/\/bluebird-gems.com\/fr\/wp-json\/wp\/v2\/product_cat?post=6552"},{"taxonomy":"product_tag","embeddable":true,"href":"https:\/\/bluebird-gems.com\/fr\/wp-json\/wp\/v2\/product_tag?post=6552"}],"curies":[{"name":"wp","href":"https:\/\/api.w.org\/{rel}","templated":true}]}}