{"id":6554,"date":"2024-09-13T13:56:23","date_gmt":"2024-09-13T11:56:23","guid":{"rendered":"https:\/\/bluebird-gems.com\/?post_type=product&#038;p=6554"},"modified":"2026-02-04T15:54:05","modified_gmt":"2026-02-04T14:54:05","slug":"blue-sapphire-ring-2","status":"publish","type":"product","link":"https:\/\/bluebird-gems.com\/fr\/blue-sapphire-ring-2\/","title":{"rendered":"HARMONY"},"content":{"rendered":"<p><strong>HARMONY<\/strong> incarne l\u2019\u00e9quilibre et le raffinement \u00e0 travers un saphir bleu profond plac\u00e9 en son centre.<\/p>\n<p>&nbsp;<\/p>\n<p>Sa teinte intense est sublim\u00e9e par un d\u00e9licat entourage de diamants blancs naturels, formant une composition lumineuse et parfaitement \u00e9quilibr\u00e9e.<\/p>\n<p>&nbsp;<\/p>\n<p>Sertie en or blanc 18 carats, cette bague exprime une \u00e9l\u00e9gance intemporelle, o\u00f9 la pr\u00e9cision rencontre la douceur.<\/p>\n<p>&nbsp;<\/p>\n<p>Une cr\u00e9ation sophistiqu\u00e9e, pens\u00e9e pour c\u00e9l\u00e9brer l\u2019harmonie, la puret\u00e9 et la beaut\u00e9 durable.<\/p>","protected":false},"excerpt":{"rendered":"<ul>\n<li data-start=\"1462\" data-end=\"1505\">\n<p data-start=\"1464\" data-end=\"1505\"><strong data-start=\"1464\" data-end=\"1477\">Materiau:<\/strong> or blanc 18 carats (750\/1000)<\/p>\n<\/li>\n<li data-start=\"1506\" data-end=\"1549\">\n<p data-start=\"1508\" data-end=\"1549\"><strong data-start=\"1508\" data-end=\"1525\">Pierre centrale:<\/strong> Saphir bleu naturel<\/p>\n<\/li>\n<li data-start=\"1550\" data-end=\"1586\">\n<p data-start=\"1552\" data-end=\"1586\"><strong data-start=\"1552\" data-end=\"1572\">Poids du saphir:<\/strong> 0.78 carats<\/p>\n<\/li>\n<li data-start=\"1587\" data-end=\"1639\">\n<p data-start=\"1589\" data-end=\"1639\"><strong data-start=\"1589\" data-end=\"1607\">Pierres d'accents:<\/strong> Diamants blanc naturels (G-VS)<\/p>\n<\/li>\n<li data-start=\"1640\" data-end=\"1681\">\n<p data-start=\"1642\" data-end=\"1681\"><strong data-start=\"1642\" data-end=\"1667\">Poid total des diamants:<\/strong> 0.21 carats<\/p>\n<\/li>\n<li data-start=\"1682\" data-end=\"1707\">\n<p data-start=\"1684\" data-end=\"1707\"><strong data-start=\"1684\" data-end=\"1696\">Sertissage:<\/strong> R\u00e9alis\u00e9 \u00e0 la main<\/p>\n<\/li>\n<li data-start=\"1708\" data-end=\"1732\">\n<p data-start=\"1710\" data-end=\"1732\"><strong data-start=\"1710\" data-end=\"1721\">Finition:<\/strong> Polie<\/p>\n<\/li>\n<li data-start=\"1733\" data-end=\"1780\">\n<p data-start=\"1735\" data-end=\"1780\"><strong data-start=\"1735\" data-end=\"1780\">S\u00e9lectionn\u00e9e et certifi\u00e9e par nos gemmologues<\/strong><\/p>\n<\/li>\n<\/ul>","protected":false},"featured_media":6486,"template":"","meta":{"site-sidebar-layout":"default","site-content-layout":"","ast-site-content-layout":"default","site-content-style":"default","site-sidebar-style":"default","ast-global-header-display":"","ast-banner-title-visibility":"","ast-main-header-display":"","ast-hfb-above-header-display":"","ast-hfb-below-header-display":"","ast-hfb-mobile-header-display":"","site-post-title":"","ast-breadcrumbs-content":"","ast-featured-img":"","footer-sml-layout":"","ast-disable-related-posts":"","theme-transparent-header-meta":"default","adv-header-id-meta":"","stick-header-meta":"","header-above-stick-meta":"","header-main-stick-meta":"","header-below-stick-meta":"","astra-migrate-meta-layouts":"set","ast-page-background-enabled":"default","ast-page-background-meta":{"desktop":{"background-color":"var(--ast-global-color-4)","background-image":"","background-repeat":"repeat","background-position":"center center","background-size":"auto","background-attachment":"scroll","background-type":"","background-media":"","overlay-type":"","overlay-color":"","overlay-opacity":"","overlay-gradient":""},"tablet":{"background-color":"","background-image":"","background-repeat":"repeat","background-position":"center center","background-size":"auto","background-attachment":"scroll","background-type":"","background-media":"","overlay-type":"","overlay-color":"","overlay-opacity":"","overlay-gradient":""},"mobile":{"background-color":"","background-image":"","background-repeat":"repeat","background-position":"center center","background-size":"auto","background-attachment":"scroll","background-type":"","background-media":"","overlay-type":"","overlay-color":"","overlay-opacity":"","overlay-gradient":""}},"ast-content-background-meta":{"desktop":{"background-color":"var(--ast-global-color-5)","background-image":"","background-repeat":"repeat","background-position":"center center","background-size":"auto","background-attachment":"scroll","background-type":"","background-media":"","overlay-type":"","overlay-color":"","overlay-opacity":"","overlay-gradient":""},"tablet":{"background-color":"var(--ast-global-color-5)","background-image":"","background-repeat":"repeat","background-position":"center center","background-size":"auto","background-attachment":"scroll","background-type":"","background-media":"","overlay-type":"","overlay-color":"","overlay-opacity":"","overlay-gradient":""},"mobile":{"background-color":"var(--ast-global-color-5)","background-image":"","background-repeat":"repeat","background-position":"center center","background-size":"auto","background-attachment":"scroll","background-type":"","background-media":"","overlay-type":"","overlay-color":"","overlay-opacity":"","overlay-gradient":""}}},"product_brand":[],"product_cat":[26,25],"product_tag":[],"class_list":{"0":"post-6554","1":"product","2":"type-product","3":"status-publish","4":"has-post-thumbnail","6":"product_cat-rings","7":"product_cat-jewel","8":"desktop-align-left","9":"tablet-align-left","10":"mobile-align-left","12":"first","13":"instock","14":"shipping-taxable","15":"purchasable","16":"product-type-simple"},"_links":{"self":[{"href":"https:\/\/bluebird-gems.com\/fr\/wp-json\/wp\/v2\/product\/6554","targetHints":{"allow":["GET"]}}],"collection":[{"href":"https:\/\/bluebird-gems.com\/fr\/wp-json\/wp\/v2\/product"}],"about":[{"href":"https:\/\/bluebird-gems.com\/fr\/wp-json\/wp\/v2\/types\/product"}],"wp:featuredmedia":[{"embeddable":true,"href":"https:\/\/bluebird-gems.com\/fr\/wp-json\/wp\/v2\/media\/6486"}],"wp:attachment":[{"href":"https:\/\/bluebird-gems.com\/fr\/wp-json\/wp\/v2\/media?parent=6554"}],"wp:term":[{"taxonomy":"product_brand","embeddable":true,"href":"https:\/\/bluebird-gems.com\/fr\/wp-json\/wp\/v2\/product_brand?post=6554"},{"taxonomy":"product_cat","embeddable":true,"href":"https:\/\/bluebird-gems.com\/fr\/wp-json\/wp\/v2\/product_cat?post=6554"},{"taxonomy":"product_tag","embeddable":true,"href":"https:\/\/bluebird-gems.com\/fr\/wp-json\/wp\/v2\/product_tag?post=6554"}],"curies":[{"name":"wp","href":"https:\/\/api.w.org\/{rel}","templated":true}]}}