{"id":6555,"date":"2024-09-13T13:58:00","date_gmt":"2024-09-13T11:58:00","guid":{"rendered":"https:\/\/bluebird-gems.com\/?post_type=product&#038;p=6555"},"modified":"2026-02-03T19:48:27","modified_gmt":"2026-02-03T18:48:27","slug":"rose-quartz-and-diamond-ring","status":"publish","type":"product","link":"https:\/\/bluebird-gems.com\/fr\/rose-quartz-and-diamond-ring\/","title":{"rendered":"SAKURA"},"content":{"rendered":"<p><strong>SAKURA<\/strong> s\u2019inspire de la d\u00e9licatesse des fleurs de cerisier en pleine floraison.<\/p>\n<p>&nbsp;<\/p>\n<p>En son centre, un quartz rose aux reflets doux capte une lumi\u00e8re subtile, sublim\u00e9e par un entourage de diamants blancs naturels.<\/p>\n<p>&nbsp;<\/p>\n<p>Sertie en or rose 18 carats, cette bague incarne la l\u00e9g\u00e8ret\u00e9, la f\u00e9minit\u00e9 et une \u00e9l\u00e9gance naturelle.<\/p>","protected":false},"excerpt":{"rendered":"<ul>\n<li data-start=\"1190\" data-end=\"1232\">\n<p data-start=\"1192\" data-end=\"1232\"><strong data-start=\"1192\" data-end=\"1204\">Mat\u00e9riau<\/strong>: or rose 18 carats<\/p>\n<\/li>\n<li data-start=\"1233\" data-end=\"1275\">\n<p data-start=\"1235\" data-end=\"1275\"><strong data-start=\"1235\" data-end=\"1252\">Pierre centrale<\/strong>: Rose quartz naturel<\/p>\n<\/li>\n<li data-start=\"1276\" data-end=\"1315\">\n<p data-start=\"1278\" data-end=\"1315\"><strong data-start=\"1278\" data-end=\"1300\">Poids du quartz rose<\/strong>: 1.09 carats<\/p>\n<\/li>\n<li data-start=\"1316\" data-end=\"1361\">\n<p data-start=\"1318\" data-end=\"1361\"><strong data-start=\"1318\" data-end=\"1335\">Pierres d\u2019accent<\/strong>: Diamants blanc naturels<\/p>\n<\/li>\n<li data-start=\"1362\" data-end=\"1402\">\n<p data-start=\"1364\" data-end=\"1402\"><strong data-start=\"1364\" data-end=\"1388\">Poids total des diamants<\/strong>: 0.08 carat<\/p>\n<\/li>\n<li data-start=\"1403\" data-end=\"1428\">\n<p data-start=\"1405\" data-end=\"1428\"><strong data-start=\"1405\" data-end=\"1416\">Sertissage<\/strong>: r\u00e9alis\u00e9 \u00e0 la main<\/p>\n<\/li>\n<li data-start=\"1429\" data-end=\"1453\">\n<p data-start=\"1431\" data-end=\"1453\"><strong data-start=\"1431\" data-end=\"1441\">Finition<\/strong>: Polie<\/p>\n<\/li>\n<li data-start=\"1454\" data-end=\"1501\">\n<p data-start=\"1456\" data-end=\"1501\"><strong data-start=\"1456\" data-end=\"1501\">S\u00e9lectionn\u00e9e et certifi\u00e9e par nos gemmologues<\/strong><\/p>\n<\/li>\n<\/ul>","protected":false},"featured_media":6489,"template":"","meta":{"site-sidebar-layout":"default","site-content-layout":"","ast-site-content-layout":"default","site-content-style":"default","site-sidebar-style":"default","ast-global-header-display":"","ast-banner-title-visibility":"","ast-main-header-display":"","ast-hfb-above-header-display":"","ast-hfb-below-header-display":"","ast-hfb-mobile-header-display":"","site-post-title":"","ast-breadcrumbs-content":"","ast-featured-img":"","footer-sml-layout":"","ast-disable-related-posts":"","theme-transparent-header-meta":"default","adv-header-id-meta":"","stick-header-meta":"","header-above-stick-meta":"","header-main-stick-meta":"","header-below-stick-meta":"","astra-migrate-meta-layouts":"set","ast-page-background-enabled":"default","ast-page-background-meta":{"desktop":{"background-color":"var(--ast-global-color-4)","background-image":"","background-repeat":"repeat","background-position":"center center","background-size":"auto","background-attachment":"scroll","background-type":"","background-media":"","overlay-type":"","overlay-color":"","overlay-opacity":"","overlay-gradient":""},"tablet":{"background-color":"","background-image":"","background-repeat":"repeat","background-position":"center center","background-size":"auto","background-attachment":"scroll","background-type":"","background-media":"","overlay-type":"","overlay-color":"","overlay-opacity":"","overlay-gradient":""},"mobile":{"background-color":"","background-image":"","background-repeat":"repeat","background-position":"center center","background-size":"auto","background-attachment":"scroll","background-type":"","background-media":"","overlay-type":"","overlay-color":"","overlay-opacity":"","overlay-gradient":""}},"ast-content-background-meta":{"desktop":{"background-color":"var(--ast-global-color-5)","background-image":"","background-repeat":"repeat","background-position":"center center","background-size":"auto","background-attachment":"scroll","background-type":"","background-media":"","overlay-type":"","overlay-color":"","overlay-opacity":"","overlay-gradient":""},"tablet":{"background-color":"var(--ast-global-color-5)","background-image":"","background-repeat":"repeat","background-position":"center center","background-size":"auto","background-attachment":"scroll","background-type":"","background-media":"","overlay-type":"","overlay-color":"","overlay-opacity":"","overlay-gradient":""},"mobile":{"background-color":"var(--ast-global-color-5)","background-image":"","background-repeat":"repeat","background-position":"center center","background-size":"auto","background-attachment":"scroll","background-type":"","background-media":"","overlay-type":"","overlay-color":"","overlay-opacity":"","overlay-gradient":""}}},"product_brand":[],"product_cat":[26,25],"product_tag":[],"class_list":{"0":"post-6555","1":"product","2":"type-product","3":"status-publish","4":"has-post-thumbnail","6":"product_cat-rings","7":"product_cat-jewel","8":"desktop-align-left","9":"tablet-align-left","10":"mobile-align-left","12":"first","13":"instock","14":"shipping-taxable","15":"purchasable","16":"product-type-simple"},"_links":{"self":[{"href":"https:\/\/bluebird-gems.com\/fr\/wp-json\/wp\/v2\/product\/6555","targetHints":{"allow":["GET"]}}],"collection":[{"href":"https:\/\/bluebird-gems.com\/fr\/wp-json\/wp\/v2\/product"}],"about":[{"href":"https:\/\/bluebird-gems.com\/fr\/wp-json\/wp\/v2\/types\/product"}],"wp:featuredmedia":[{"embeddable":true,"href":"https:\/\/bluebird-gems.com\/fr\/wp-json\/wp\/v2\/media\/6489"}],"wp:attachment":[{"href":"https:\/\/bluebird-gems.com\/fr\/wp-json\/wp\/v2\/media?parent=6555"}],"wp:term":[{"taxonomy":"product_brand","embeddable":true,"href":"https:\/\/bluebird-gems.com\/fr\/wp-json\/wp\/v2\/product_brand?post=6555"},{"taxonomy":"product_cat","embeddable":true,"href":"https:\/\/bluebird-gems.com\/fr\/wp-json\/wp\/v2\/product_cat?post=6555"},{"taxonomy":"product_tag","embeddable":true,"href":"https:\/\/bluebird-gems.com\/fr\/wp-json\/wp\/v2\/product_tag?post=6555"}],"curies":[{"name":"wp","href":"https:\/\/api.w.org\/{rel}","templated":true}]}}