{"id":6556,"date":"2024-09-13T13:59:01","date_gmt":"2024-09-13T11:59:01","guid":{"rendered":"https:\/\/bluebird-gems.com\/?post_type=product&#038;p=6556"},"modified":"2026-02-03T18:56:19","modified_gmt":"2026-02-03T17:56:19","slug":"garnet-and-diamond-ring","status":"publish","type":"product","link":"https:\/\/bluebird-gems.com\/fr\/garnet-and-diamond-ring\/","title":{"rendered":"ROMA"},"content":{"rendered":"<p><strong>ROMA<\/strong> \u00e9voque la chaleur d\u2019une lumi\u00e8re dor\u00e9e, avec un grenat rouge profond en son centre.<\/p>\n<p>&nbsp;<\/p>\n<p>Sertie en or jaune 18 carats et soulign\u00e9e par des diamants blancs naturels, cette bague incarne une \u00e9l\u00e9gance intemporelle, \u00e0 la fois classique et affirm\u00e9e.<\/p>\n<p>&nbsp;<\/p>\n<p>Polie et pens\u00e9e pour \u00eatre port\u00e9e jour et nuit, ROMA est une cr\u00e9ation raffin\u00e9e au caract\u00e8re durable.<\/p>","protected":false},"excerpt":{"rendered":"<p>\u2022 <strong data-start=\"508\" data-end=\"521\">Materiau:<\/strong> or jaune 18 carats (750\/1000),<br data-start=\"548\" data-end=\"551\" \/>\u2022 <strong data-start=\"553\" data-end=\"571\">Pierre centrale:<\/strong> Grenat rouge naturel<br data-start=\"590\" data-end=\"593\" \/>\u2022 <strong data-start=\"595\" data-end=\"613\">Garnet weight:<\/strong> 1.37 carats<br data-start=\"625\" data-end=\"628\" \/>\u2022 <strong data-start=\"630\" data-end=\"648\">Pierres d'accents:<\/strong> Diamants blanc naturels<br data-start=\"671\" data-end=\"674\" \/>\u2022 <strong data-start=\"676\" data-end=\"701\">Poid total des diamants:<\/strong> 0.06 carat<br data-start=\"712\" data-end=\"715\" \/>\u2022 <strong data-start=\"717\" data-end=\"729\">Sertissage:<\/strong> R\u00e9alis\u00e9 \u00e0 la main<br data-start=\"738\" data-end=\"741\" \/>\u2022 <strong data-start=\"743\" data-end=\"754\">Finition:<\/strong> Polie<br data-start=\"763\" data-end=\"766\" \/>\u2022 <strong data-start=\"768\" data-end=\"813\">S\u00e9lectionn\u00e9e et certifi\u00e9e par nos gemmologues<\/strong><\/p>","protected":false},"featured_media":6492,"template":"","meta":{"site-sidebar-layout":"default","site-content-layout":"","ast-site-content-layout":"default","site-content-style":"default","site-sidebar-style":"default","ast-global-header-display":"","ast-banner-title-visibility":"","ast-main-header-display":"","ast-hfb-above-header-display":"","ast-hfb-below-header-display":"","ast-hfb-mobile-header-display":"","site-post-title":"","ast-breadcrumbs-content":"","ast-featured-img":"","footer-sml-layout":"","ast-disable-related-posts":"","theme-transparent-header-meta":"default","adv-header-id-meta":"","stick-header-meta":"","header-above-stick-meta":"","header-main-stick-meta":"","header-below-stick-meta":"","astra-migrate-meta-layouts":"set","ast-page-background-enabled":"default","ast-page-background-meta":{"desktop":{"background-color":"var(--ast-global-color-4)","background-image":"","background-repeat":"repeat","background-position":"center center","background-size":"auto","background-attachment":"scroll","background-type":"","background-media":"","overlay-type":"","overlay-color":"","overlay-opacity":"","overlay-gradient":""},"tablet":{"background-color":"","background-image":"","background-repeat":"repeat","background-position":"center center","background-size":"auto","background-attachment":"scroll","background-type":"","background-media":"","overlay-type":"","overlay-color":"","overlay-opacity":"","overlay-gradient":""},"mobile":{"background-color":"","background-image":"","background-repeat":"repeat","background-position":"center center","background-size":"auto","background-attachment":"scroll","background-type":"","background-media":"","overlay-type":"","overlay-color":"","overlay-opacity":"","overlay-gradient":""}},"ast-content-background-meta":{"desktop":{"background-color":"var(--ast-global-color-5)","background-image":"","background-repeat":"repeat","background-position":"center center","background-size":"auto","background-attachment":"scroll","background-type":"","background-media":"","overlay-type":"","overlay-color":"","overlay-opacity":"","overlay-gradient":""},"tablet":{"background-color":"var(--ast-global-color-5)","background-image":"","background-repeat":"repeat","background-position":"center center","background-size":"auto","background-attachment":"scroll","background-type":"","background-media":"","overlay-type":"","overlay-color":"","overlay-opacity":"","overlay-gradient":""},"mobile":{"background-color":"var(--ast-global-color-5)","background-image":"","background-repeat":"repeat","background-position":"center center","background-size":"auto","background-attachment":"scroll","background-type":"","background-media":"","overlay-type":"","overlay-color":"","overlay-opacity":"","overlay-gradient":""}}},"product_brand":[],"product_cat":[26,25],"product_tag":[],"class_list":{"0":"post-6556","1":"product","2":"type-product","3":"status-publish","4":"has-post-thumbnail","6":"product_cat-rings","7":"product_cat-jewel","8":"desktop-align-left","9":"tablet-align-left","10":"mobile-align-left","12":"first","13":"instock","14":"shipping-taxable","15":"purchasable","16":"product-type-simple"},"_links":{"self":[{"href":"https:\/\/bluebird-gems.com\/fr\/wp-json\/wp\/v2\/product\/6556","targetHints":{"allow":["GET"]}}],"collection":[{"href":"https:\/\/bluebird-gems.com\/fr\/wp-json\/wp\/v2\/product"}],"about":[{"href":"https:\/\/bluebird-gems.com\/fr\/wp-json\/wp\/v2\/types\/product"}],"wp:featuredmedia":[{"embeddable":true,"href":"https:\/\/bluebird-gems.com\/fr\/wp-json\/wp\/v2\/media\/6492"}],"wp:attachment":[{"href":"https:\/\/bluebird-gems.com\/fr\/wp-json\/wp\/v2\/media?parent=6556"}],"wp:term":[{"taxonomy":"product_brand","embeddable":true,"href":"https:\/\/bluebird-gems.com\/fr\/wp-json\/wp\/v2\/product_brand?post=6556"},{"taxonomy":"product_cat","embeddable":true,"href":"https:\/\/bluebird-gems.com\/fr\/wp-json\/wp\/v2\/product_cat?post=6556"},{"taxonomy":"product_tag","embeddable":true,"href":"https:\/\/bluebird-gems.com\/fr\/wp-json\/wp\/v2\/product_tag?post=6556"}],"curies":[{"name":"wp","href":"https:\/\/api.w.org\/{rel}","templated":true}]}}