{"id":6558,"date":"2024-09-13T14:01:16","date_gmt":"2024-09-13T12:01:16","guid":{"rendered":"https:\/\/bluebird-gems.com\/?post_type=product&#038;p=6558"},"modified":"2026-02-03T17:49:12","modified_gmt":"2026-02-03T16:49:12","slug":"blue-topaz-and-diamond-ring","status":"publish","type":"product","link":"https:\/\/bluebird-gems.com\/fr\/blue-topaz-and-diamond-ring\/","title":{"rendered":"MYRTOS"},"content":{"rendered":"<p><strong>MYRTOS<\/strong> est une bague raffin\u00e9e inspir\u00e9e par les bleus lumineux de la M\u00e9diterran\u00e9e, \u00e9voquant la beaut\u00e9 brute d\u2019une crique fa\u00e7onn\u00e9e par la lumi\u00e8re et la pierre.<\/p>\n<p>&nbsp;<\/p>\n<p>En son centre, une topaze bleue naturelle est entour\u00e9e de d\u00e9licats diamants blancs naturels, formant un halo \u00e9quilibr\u00e9 qui souligne l\u2019\u00e9clat de la pierre sans en alt\u00e9rer l\u2019\u00e9l\u00e9gance.<\/p>\n<p>&nbsp;<\/p>\n<p>R\u00e9alis\u00e9e en or blanc 18 carats et sertie \u00e0 la main avec pr\u00e9cision, chaque cr\u00e9ation est soigneusement s\u00e9lectionn\u00e9e et certifi\u00e9e par nos gemmologues.<\/p>","protected":false},"excerpt":{"rendered":"<p>\u2022 <strong data-start=\"227\" data-end=\"239\">Mat\u00e9riau<\/strong>: or blanc 18 carats (750\/1000)<br data-start=\"266\" data-end=\"269\" \/>\u2022 <strong data-start=\"271\" data-end=\"288\">Pierre centrale<\/strong>: Natural Blue Topaz<br data-start=\"308\" data-end=\"311\" \/>\u2022 <strong data-start=\"313\" data-end=\"329\">Poids de la topaze<\/strong>: 1.02 carats<br data-start=\"342\" data-end=\"345\" \/>\u2022 <strong data-start=\"347\" data-end=\"364\">Pierres d\u2019accent<\/strong>: Diamants blanc naturels<br data-start=\"388\" data-end=\"391\" \/>\u2022 <strong data-start=\"393\" data-end=\"417\">Poids total des diamants<\/strong>: 0.09 carat<br data-start=\"429\" data-end=\"432\" \/>\u2022 <strong data-start=\"434\" data-end=\"445\">Sertissage<\/strong>: r\u00e9alis\u00e9 \u00e0 la main<br data-start=\"455\" data-end=\"458\" \/>\u2022 <strong data-start=\"460\" data-end=\"470\">Finition<\/strong>: Polie<br data-start=\"480\" data-end=\"483\" \/>\u2022 <strong data-start=\"485\" data-end=\"530\">S\u00e9lectionn\u00e9e et certifi\u00e9e par nos gemmologues<\/strong><\/p>","protected":false},"featured_media":6498,"template":"","meta":{"site-sidebar-layout":"default","site-content-layout":"","ast-site-content-layout":"default","site-content-style":"default","site-sidebar-style":"default","ast-global-header-display":"","ast-banner-title-visibility":"","ast-main-header-display":"","ast-hfb-above-header-display":"","ast-hfb-below-header-display":"","ast-hfb-mobile-header-display":"","site-post-title":"","ast-breadcrumbs-content":"","ast-featured-img":"","footer-sml-layout":"","ast-disable-related-posts":"","theme-transparent-header-meta":"default","adv-header-id-meta":"","stick-header-meta":"","header-above-stick-meta":"","header-main-stick-meta":"","header-below-stick-meta":"","astra-migrate-meta-layouts":"set","ast-page-background-enabled":"default","ast-page-background-meta":{"desktop":{"background-color":"var(--ast-global-color-4)","background-image":"","background-repeat":"repeat","background-position":"center center","background-size":"auto","background-attachment":"scroll","background-type":"","background-media":"","overlay-type":"","overlay-color":"","overlay-opacity":"","overlay-gradient":""},"tablet":{"background-color":"","background-image":"","background-repeat":"repeat","background-position":"center center","background-size":"auto","background-attachment":"scroll","background-type":"","background-media":"","overlay-type":"","overlay-color":"","overlay-opacity":"","overlay-gradient":""},"mobile":{"background-color":"","background-image":"","background-repeat":"repeat","background-position":"center center","background-size":"auto","background-attachment":"scroll","background-type":"","background-media":"","overlay-type":"","overlay-color":"","overlay-opacity":"","overlay-gradient":""}},"ast-content-background-meta":{"desktop":{"background-color":"var(--ast-global-color-5)","background-image":"","background-repeat":"repeat","background-position":"center center","background-size":"auto","background-attachment":"scroll","background-type":"","background-media":"","overlay-type":"","overlay-color":"","overlay-opacity":"","overlay-gradient":""},"tablet":{"background-color":"var(--ast-global-color-5)","background-image":"","background-repeat":"repeat","background-position":"center center","background-size":"auto","background-attachment":"scroll","background-type":"","background-media":"","overlay-type":"","overlay-color":"","overlay-opacity":"","overlay-gradient":""},"mobile":{"background-color":"var(--ast-global-color-5)","background-image":"","background-repeat":"repeat","background-position":"center center","background-size":"auto","background-attachment":"scroll","background-type":"","background-media":"","overlay-type":"","overlay-color":"","overlay-opacity":"","overlay-gradient":""}}},"product_brand":[],"product_cat":[26,25],"product_tag":[],"class_list":{"0":"post-6558","1":"product","2":"type-product","3":"status-publish","4":"has-post-thumbnail","6":"product_cat-rings","7":"product_cat-jewel","8":"desktop-align-left","9":"tablet-align-left","10":"mobile-align-left","12":"first","13":"instock","14":"shipping-taxable","15":"purchasable","16":"product-type-simple"},"_links":{"self":[{"href":"https:\/\/bluebird-gems.com\/fr\/wp-json\/wp\/v2\/product\/6558","targetHints":{"allow":["GET"]}}],"collection":[{"href":"https:\/\/bluebird-gems.com\/fr\/wp-json\/wp\/v2\/product"}],"about":[{"href":"https:\/\/bluebird-gems.com\/fr\/wp-json\/wp\/v2\/types\/product"}],"wp:featuredmedia":[{"embeddable":true,"href":"https:\/\/bluebird-gems.com\/fr\/wp-json\/wp\/v2\/media\/6498"}],"wp:attachment":[{"href":"https:\/\/bluebird-gems.com\/fr\/wp-json\/wp\/v2\/media?parent=6558"}],"wp:term":[{"taxonomy":"product_brand","embeddable":true,"href":"https:\/\/bluebird-gems.com\/fr\/wp-json\/wp\/v2\/product_brand?post=6558"},{"taxonomy":"product_cat","embeddable":true,"href":"https:\/\/bluebird-gems.com\/fr\/wp-json\/wp\/v2\/product_cat?post=6558"},{"taxonomy":"product_tag","embeddable":true,"href":"https:\/\/bluebird-gems.com\/fr\/wp-json\/wp\/v2\/product_tag?post=6558"}],"curies":[{"name":"wp","href":"https:\/\/api.w.org\/{rel}","templated":true}]}}