{"id":6559,"date":"2024-09-13T14:02:06","date_gmt":"2024-09-13T12:02:06","guid":{"rendered":"https:\/\/bluebird-gems.com\/?post_type=product&#038;p=6559"},"modified":"2026-02-02T19:20:50","modified_gmt":"2026-02-02T18:20:50","slug":"ruby-and-diamond-ring","status":"publish","type":"product","link":"https:\/\/bluebird-gems.com\/fr\/ruby-and-diamond-ring\/","title":{"rendered":"CHERRY"},"content":{"rendered":"<p><strong>CHERRY<\/strong> est une bague \u00e9l\u00e9gante et \u00e9pur\u00e9e, centr\u00e9e sur un rubis naturel, accompagn\u00e9 de deux diamants blancs taille baguette.<\/p>\n<p>&nbsp;<\/p>\n<p>Ses lignes nettes et ses proportions \u00e9quilibr\u00e9es offrent une allure intemporelle, o\u00f9 l\u2019intensit\u00e9 du rubis rencontre l\u2019\u00e9clat pr\u00e9cis des diamants.<\/p>\n<p>&nbsp;<\/p>\n<p>Une pi\u00e8ce classique, subtilement moderne, pens\u00e9e pour \u00eatre port\u00e9e au quotidien.<\/p>","protected":false},"excerpt":{"rendered":"<ul>\n<li data-start=\"188\" data-end=\"231\">\n<p data-start=\"190\" data-end=\"231\"><strong data-start=\"190\" data-end=\"203\">Materiau:<\/strong> or blanc 18 carats (750\/1000)<\/p>\n<\/li>\n<li data-start=\"232\" data-end=\"267\">\n<p data-start=\"234\" data-end=\"267\"><strong data-start=\"234\" data-end=\"252\">Pierre centrale:<\/strong> Rubis naturel<\/p>\n<\/li>\n<li data-start=\"268\" data-end=\"299\">\n<p data-start=\"270\" data-end=\"299\"><strong data-start=\"270\" data-end=\"286\">Poids du rubis:<\/strong> 0.50 carat<\/p>\n<\/li>\n<li data-start=\"300\" data-end=\"360\">\n<p data-start=\"302\" data-end=\"360\"><strong data-start=\"302\" data-end=\"320\">Pierres d'accents:<\/strong> Diamants blanc naturels (taille baguette)<\/p>\n<\/li>\n<li data-start=\"361\" data-end=\"401\">\n<p data-start=\"363\" data-end=\"401\"><strong data-start=\"363\" data-end=\"388\">Poid total des diamants:<\/strong> 0.08 carat<\/p>\n<\/li>\n<li data-start=\"402\" data-end=\"427\">\n<p data-start=\"404\" data-end=\"427\"><strong data-start=\"404\" data-end=\"416\">Sertissage:<\/strong> R\u00e9alis\u00e9 \u00e0 la main<\/p>\n<\/li>\n<li data-start=\"428\" data-end=\"452\">\n<p data-start=\"430\" data-end=\"452\"><strong data-start=\"430\" data-end=\"441\">Finition:<\/strong> Polie<\/p>\n<\/li>\n<li data-start=\"453\" data-end=\"500\">\n<p data-start=\"455\" data-end=\"500\"><strong data-start=\"455\" data-end=\"500\">S\u00e9lectionn\u00e9e et certifi\u00e9e par nos gemmologues<\/strong><\/p>\n<\/li>\n<\/ul>","protected":false},"featured_media":6501,"template":"","meta":{"site-sidebar-layout":"default","site-content-layout":"","ast-site-content-layout":"default","site-content-style":"default","site-sidebar-style":"default","ast-global-header-display":"","ast-banner-title-visibility":"","ast-main-header-display":"","ast-hfb-above-header-display":"","ast-hfb-below-header-display":"","ast-hfb-mobile-header-display":"","site-post-title":"","ast-breadcrumbs-content":"","ast-featured-img":"","footer-sml-layout":"","ast-disable-related-posts":"","theme-transparent-header-meta":"default","adv-header-id-meta":"","stick-header-meta":"","header-above-stick-meta":"","header-main-stick-meta":"","header-below-stick-meta":"","astra-migrate-meta-layouts":"set","ast-page-background-enabled":"default","ast-page-background-meta":{"desktop":{"background-color":"var(--ast-global-color-4)","background-image":"","background-repeat":"repeat","background-position":"center center","background-size":"auto","background-attachment":"scroll","background-type":"","background-media":"","overlay-type":"","overlay-color":"","overlay-opacity":"","overlay-gradient":""},"tablet":{"background-color":"","background-image":"","background-repeat":"repeat","background-position":"center center","background-size":"auto","background-attachment":"scroll","background-type":"","background-media":"","overlay-type":"","overlay-color":"","overlay-opacity":"","overlay-gradient":""},"mobile":{"background-color":"","background-image":"","background-repeat":"repeat","background-position":"center center","background-size":"auto","background-attachment":"scroll","background-type":"","background-media":"","overlay-type":"","overlay-color":"","overlay-opacity":"","overlay-gradient":""}},"ast-content-background-meta":{"desktop":{"background-color":"var(--ast-global-color-5)","background-image":"","background-repeat":"repeat","background-position":"center center","background-size":"auto","background-attachment":"scroll","background-type":"","background-media":"","overlay-type":"","overlay-color":"","overlay-opacity":"","overlay-gradient":""},"tablet":{"background-color":"var(--ast-global-color-5)","background-image":"","background-repeat":"repeat","background-position":"center center","background-size":"auto","background-attachment":"scroll","background-type":"","background-media":"","overlay-type":"","overlay-color":"","overlay-opacity":"","overlay-gradient":""},"mobile":{"background-color":"var(--ast-global-color-5)","background-image":"","background-repeat":"repeat","background-position":"center center","background-size":"auto","background-attachment":"scroll","background-type":"","background-media":"","overlay-type":"","overlay-color":"","overlay-opacity":"","overlay-gradient":""}}},"product_brand":[],"product_cat":[26,25],"product_tag":[],"class_list":{"0":"post-6559","1":"product","2":"type-product","3":"status-publish","4":"has-post-thumbnail","6":"product_cat-rings","7":"product_cat-jewel","8":"desktop-align-left","9":"tablet-align-left","10":"mobile-align-left","12":"first","13":"instock","14":"shipping-taxable","15":"purchasable","16":"product-type-simple"},"_links":{"self":[{"href":"https:\/\/bluebird-gems.com\/fr\/wp-json\/wp\/v2\/product\/6559","targetHints":{"allow":["GET"]}}],"collection":[{"href":"https:\/\/bluebird-gems.com\/fr\/wp-json\/wp\/v2\/product"}],"about":[{"href":"https:\/\/bluebird-gems.com\/fr\/wp-json\/wp\/v2\/types\/product"}],"wp:featuredmedia":[{"embeddable":true,"href":"https:\/\/bluebird-gems.com\/fr\/wp-json\/wp\/v2\/media\/6501"}],"wp:attachment":[{"href":"https:\/\/bluebird-gems.com\/fr\/wp-json\/wp\/v2\/media?parent=6559"}],"wp:term":[{"taxonomy":"product_brand","embeddable":true,"href":"https:\/\/bluebird-gems.com\/fr\/wp-json\/wp\/v2\/product_brand?post=6559"},{"taxonomy":"product_cat","embeddable":true,"href":"https:\/\/bluebird-gems.com\/fr\/wp-json\/wp\/v2\/product_cat?post=6559"},{"taxonomy":"product_tag","embeddable":true,"href":"https:\/\/bluebird-gems.com\/fr\/wp-json\/wp\/v2\/product_tag?post=6559"}],"curies":[{"name":"wp","href":"https:\/\/api.w.org\/{rel}","templated":true}]}}