{"id":6561,"date":"2024-09-13T14:04:15","date_gmt":"2024-09-13T12:04:15","guid":{"rendered":"https:\/\/bluebird-gems.com\/?post_type=product&#038;p=6561"},"modified":"2026-02-02T17:56:15","modified_gmt":"2026-02-02T16:56:15","slug":"white-moonstone-and-diamond-ring","status":"publish","type":"product","link":"https:\/\/bluebird-gems.com\/fr\/white-moonstone-and-diamond-ring\/","title":{"rendered":"FULL MOON"},"content":{"rendered":"<p><strong>FULL MOON<\/strong> est une bague ouverte \u00e9l\u00e9gante en or jaune 18 carats, imagin\u00e9e pour diffuser une lumi\u00e8re douce et lunaire.&nbsp;<br \/>\n&nbsp;<br \/>\n\u00c0 une extr\u00e9mit\u00e9, une pierre de lune blanche naturelle r\u00e9v\u00e8le un \u00e9clat laiteux subtil.&nbsp;<br \/>\nDe l\u2019autre, une fine ligne de diamants blancs naturels apporte une touche de brillance raffin\u00e9e, \u00e0 la fois moderne et intemporelle&nbsp;<br \/>\n&nbsp;<br \/>\nS\u00e9lectionn\u00e9\u00e9 et certifi\u00e9e par nos gemmologues.<\/p>","protected":false},"excerpt":{"rendered":"<p>\u2022 <strong>Mat\u00e9riau<\/strong>: Or jaune 18 carats (750\/1000)<br data-start=\"1133\" data-end=\"1136\" \/>\u2022 <strong>Pierre centrale<\/strong>: Pierre de lune naturelle<br data-start=\"1176\" data-end=\"1179\" \/>\u2022 <strong>Poid de la pierre de lune<\/strong>: 1.57 carats<br data-start=\"1210\" data-end=\"1213\" \/>\u2022 <strong>Pierres d\u2019accent<\/strong>: Diamants blanc naturels<br data-start=\"1252\" data-end=\"1255\" \/>\u2022 <strong>Poids total des diamants<\/strong>: 0.04 carat<br data-start=\"1289\" data-end=\"1292\" \/>\u2022 <strong>Sertissage<\/strong>: r\u00e9alis\u00e9 \u00e0 la main<br data-start=\"1311\" data-end=\"1314\" \/>\u2022 <strong>Finition<\/strong>: Polie<br data-start=\"1332\" data-end=\"1335\" \/>\u2022 <strong>S\u00e9lectionn\u00e9e et certifi\u00e9e par nos gemmologues<\/strong><\/p>","protected":false},"featured_media":6507,"template":"","meta":{"site-sidebar-layout":"default","site-content-layout":"","ast-site-content-layout":"default","site-content-style":"default","site-sidebar-style":"default","ast-global-header-display":"","ast-banner-title-visibility":"","ast-main-header-display":"","ast-hfb-above-header-display":"","ast-hfb-below-header-display":"","ast-hfb-mobile-header-display":"","site-post-title":"","ast-breadcrumbs-content":"","ast-featured-img":"","footer-sml-layout":"","ast-disable-related-posts":"","theme-transparent-header-meta":"default","adv-header-id-meta":"","stick-header-meta":"","header-above-stick-meta":"","header-main-stick-meta":"","header-below-stick-meta":"","astra-migrate-meta-layouts":"set","ast-page-background-enabled":"default","ast-page-background-meta":{"desktop":{"background-color":"var(--ast-global-color-4)","background-image":"","background-repeat":"repeat","background-position":"center center","background-size":"auto","background-attachment":"scroll","background-type":"","background-media":"","overlay-type":"","overlay-color":"","overlay-opacity":"","overlay-gradient":""},"tablet":{"background-color":"","background-image":"","background-repeat":"repeat","background-position":"center center","background-size":"auto","background-attachment":"scroll","background-type":"","background-media":"","overlay-type":"","overlay-color":"","overlay-opacity":"","overlay-gradient":""},"mobile":{"background-color":"","background-image":"","background-repeat":"repeat","background-position":"center center","background-size":"auto","background-attachment":"scroll","background-type":"","background-media":"","overlay-type":"","overlay-color":"","overlay-opacity":"","overlay-gradient":""}},"ast-content-background-meta":{"desktop":{"background-color":"var(--ast-global-color-5)","background-image":"","background-repeat":"repeat","background-position":"center center","background-size":"auto","background-attachment":"scroll","background-type":"","background-media":"","overlay-type":"","overlay-color":"","overlay-opacity":"","overlay-gradient":""},"tablet":{"background-color":"var(--ast-global-color-5)","background-image":"","background-repeat":"repeat","background-position":"center center","background-size":"auto","background-attachment":"scroll","background-type":"","background-media":"","overlay-type":"","overlay-color":"","overlay-opacity":"","overlay-gradient":""},"mobile":{"background-color":"var(--ast-global-color-5)","background-image":"","background-repeat":"repeat","background-position":"center center","background-size":"auto","background-attachment":"scroll","background-type":"","background-media":"","overlay-type":"","overlay-color":"","overlay-opacity":"","overlay-gradient":""}}},"product_brand":[],"product_cat":[26,25],"product_tag":[],"class_list":{"0":"post-6561","1":"product","2":"type-product","3":"status-publish","4":"has-post-thumbnail","6":"product_cat-rings","7":"product_cat-jewel","8":"desktop-align-left","9":"tablet-align-left","10":"mobile-align-left","12":"first","13":"instock","14":"shipping-taxable","15":"purchasable","16":"product-type-simple"},"_links":{"self":[{"href":"https:\/\/bluebird-gems.com\/fr\/wp-json\/wp\/v2\/product\/6561","targetHints":{"allow":["GET"]}}],"collection":[{"href":"https:\/\/bluebird-gems.com\/fr\/wp-json\/wp\/v2\/product"}],"about":[{"href":"https:\/\/bluebird-gems.com\/fr\/wp-json\/wp\/v2\/types\/product"}],"wp:featuredmedia":[{"embeddable":true,"href":"https:\/\/bluebird-gems.com\/fr\/wp-json\/wp\/v2\/media\/6507"}],"wp:attachment":[{"href":"https:\/\/bluebird-gems.com\/fr\/wp-json\/wp\/v2\/media?parent=6561"}],"wp:term":[{"taxonomy":"product_brand","embeddable":true,"href":"https:\/\/bluebird-gems.com\/fr\/wp-json\/wp\/v2\/product_brand?post=6561"},{"taxonomy":"product_cat","embeddable":true,"href":"https:\/\/bluebird-gems.com\/fr\/wp-json\/wp\/v2\/product_cat?post=6561"},{"taxonomy":"product_tag","embeddable":true,"href":"https:\/\/bluebird-gems.com\/fr\/wp-json\/wp\/v2\/product_tag?post=6561"}],"curies":[{"name":"wp","href":"https:\/\/api.w.org\/{rel}","templated":true}]}}