{"id":6562,"date":"2024-09-13T14:05:15","date_gmt":"2024-09-13T12:05:15","guid":{"rendered":"https:\/\/bluebird-gems.com\/?post_type=product&#038;p=6562"},"modified":"2026-02-02T15:21:49","modified_gmt":"2026-02-02T14:21:49","slug":"amethyst-and-diamond-ring","status":"publish","type":"product","link":"https:\/\/bluebird-gems.com\/fr\/amethyst-and-diamond-ring\/","title":{"rendered":"LILA"},"content":{"rendered":"<p><strong>LILA<\/strong> est une bague raffin\u00e9e et intemporelle, sertie d\u2019une am\u00e9thyste naturelle taille coussin mont\u00e9e sur or rose 18 carats.<\/p>\n<p>&nbsp;<\/p>\n<p>Sa teinte lavande douce est d\u00e9licatement mise en valeur par des diamants blancs naturels, qui encadrent la pierre avec \u00e9l\u00e9gance et \u00e9quilibre.<\/p>\n<p>&nbsp;<\/p>\n<p>La monture \u00e9pur\u00e9e souligne l\u2019\u00e9clat de l\u2019am\u00e9thyste tout en conservant une silhouette l\u00e9g\u00e8re et f\u00e9minine.<\/p>\n<p>&nbsp;<\/p>\n<p>S\u00e9lectionn\u00e9e et certifi\u00e9e par nos gemmologues.<\/p>","protected":false},"excerpt":{"rendered":"<p>\u2022 <strong data-start=\"175\" data-end=\"188\">Mat\u00e9riau<\/strong>: or rose 18 carats<br data-start=\"214\" data-end=\"217\" \/>\u2022 <strong>Pierre centrale<\/strong>: Amethyste naturelle (taille coussin)<br data-start=\"263\" data-end=\"266\" \/>\u2022 <strong>Poid de l'am\u00e9thyste<\/strong>: 1.32 carats<br data-start=\"296\" data-end=\"299\" \/>\u2022 <strong>Pierres d\u2019accent<\/strong>: Diamants blancs naturels<br data-start=\"338\" data-end=\"341\" \/>\u2022 <strong>Poids total des diamants<\/strong>: 0.06 carat<br data-start=\"375\" data-end=\"378\" \/>\u2022 <strong>Sertissage<\/strong>: r\u00e9alis\u00e9 \u00e0 la main<br data-start=\"397\" data-end=\"400\" \/>\u2022 <strong>Finition<\/strong>: Polie<br data-start=\"418\" data-end=\"421\" \/>\u2022 <strong data-start=\"423\" data-end=\"468\">S\u00e9lectionn\u00e9e et certifi\u00e9e par nos gemmologues<\/strong><\/p>","protected":false},"featured_media":6510,"template":"","meta":{"site-sidebar-layout":"default","site-content-layout":"","ast-site-content-layout":"default","site-content-style":"default","site-sidebar-style":"default","ast-global-header-display":"","ast-banner-title-visibility":"","ast-main-header-display":"","ast-hfb-above-header-display":"","ast-hfb-below-header-display":"","ast-hfb-mobile-header-display":"","site-post-title":"","ast-breadcrumbs-content":"","ast-featured-img":"","footer-sml-layout":"","ast-disable-related-posts":"","theme-transparent-header-meta":"default","adv-header-id-meta":"","stick-header-meta":"","header-above-stick-meta":"","header-main-stick-meta":"","header-below-stick-meta":"","astra-migrate-meta-layouts":"set","ast-page-background-enabled":"default","ast-page-background-meta":{"desktop":{"background-color":"var(--ast-global-color-4)","background-image":"","background-repeat":"repeat","background-position":"center center","background-size":"auto","background-attachment":"scroll","background-type":"","background-media":"","overlay-type":"","overlay-color":"","overlay-opacity":"","overlay-gradient":""},"tablet":{"background-color":"","background-image":"","background-repeat":"repeat","background-position":"center center","background-size":"auto","background-attachment":"scroll","background-type":"","background-media":"","overlay-type":"","overlay-color":"","overlay-opacity":"","overlay-gradient":""},"mobile":{"background-color":"","background-image":"","background-repeat":"repeat","background-position":"center center","background-size":"auto","background-attachment":"scroll","background-type":"","background-media":"","overlay-type":"","overlay-color":"","overlay-opacity":"","overlay-gradient":""}},"ast-content-background-meta":{"desktop":{"background-color":"var(--ast-global-color-5)","background-image":"","background-repeat":"repeat","background-position":"center center","background-size":"auto","background-attachment":"scroll","background-type":"","background-media":"","overlay-type":"","overlay-color":"","overlay-opacity":"","overlay-gradient":""},"tablet":{"background-color":"var(--ast-global-color-5)","background-image":"","background-repeat":"repeat","background-position":"center center","background-size":"auto","background-attachment":"scroll","background-type":"","background-media":"","overlay-type":"","overlay-color":"","overlay-opacity":"","overlay-gradient":""},"mobile":{"background-color":"var(--ast-global-color-5)","background-image":"","background-repeat":"repeat","background-position":"center center","background-size":"auto","background-attachment":"scroll","background-type":"","background-media":"","overlay-type":"","overlay-color":"","overlay-opacity":"","overlay-gradient":""}}},"product_brand":[],"product_cat":[26,25],"product_tag":[],"class_list":{"0":"post-6562","1":"product","2":"type-product","3":"status-publish","4":"has-post-thumbnail","6":"product_cat-rings","7":"product_cat-jewel","8":"desktop-align-left","9":"tablet-align-left","10":"mobile-align-left","12":"first","13":"instock","14":"shipping-taxable","15":"purchasable","16":"product-type-simple"},"_links":{"self":[{"href":"https:\/\/bluebird-gems.com\/fr\/wp-json\/wp\/v2\/product\/6562","targetHints":{"allow":["GET"]}}],"collection":[{"href":"https:\/\/bluebird-gems.com\/fr\/wp-json\/wp\/v2\/product"}],"about":[{"href":"https:\/\/bluebird-gems.com\/fr\/wp-json\/wp\/v2\/types\/product"}],"wp:featuredmedia":[{"embeddable":true,"href":"https:\/\/bluebird-gems.com\/fr\/wp-json\/wp\/v2\/media\/6510"}],"wp:attachment":[{"href":"https:\/\/bluebird-gems.com\/fr\/wp-json\/wp\/v2\/media?parent=6562"}],"wp:term":[{"taxonomy":"product_brand","embeddable":true,"href":"https:\/\/bluebird-gems.com\/fr\/wp-json\/wp\/v2\/product_brand?post=6562"},{"taxonomy":"product_cat","embeddable":true,"href":"https:\/\/bluebird-gems.com\/fr\/wp-json\/wp\/v2\/product_cat?post=6562"},{"taxonomy":"product_tag","embeddable":true,"href":"https:\/\/bluebird-gems.com\/fr\/wp-json\/wp\/v2\/product_tag?post=6562"}],"curies":[{"name":"wp","href":"https:\/\/api.w.org\/{rel}","templated":true}]}}