{"id":6563,"date":"2024-09-13T14:06:01","date_gmt":"2024-09-13T12:06:01","guid":{"rendered":"https:\/\/bluebird-gems.com\/?post_type=product&#038;p=6563"},"modified":"2026-02-02T15:04:23","modified_gmt":"2026-02-02T14:04:23","slug":"blue-topaz-ring","status":"publish","type":"product","link":"https:\/\/bluebird-gems.com\/fr\/blue-topaz-ring\/","title":{"rendered":"MARQUISE"},"content":{"rendered":"<p><strong>Marquise<\/strong> est une bague intemporelle, sublim\u00e9e par une topaze bleue lumineuse et l\u2019\u00e9clat discret de diamants blancs naturels.<\/p>\n<p>&nbsp;<\/p>\n<p>Mont\u00e9e en or blanc 18 carats, sa monture \u00e9l\u00e9gante et sculpt\u00e9e met en valeur la pierre centrale avec un \u00e9quilibre raffin\u00e9 et contemporain.<\/p>\n<p>&nbsp;<\/p>\n<p>Chaque pierre est soigneusement s\u00e9lectionn\u00e9e, sertie avec pr\u00e9cision et certifi\u00e9e par nos gemmologues.<\/p>","protected":false},"excerpt":{"rendered":"<ul>\n<li><strong>Mat\u00e9riau<\/strong>: or blanc 18 carats (750\/1000)<\/li>\n<li><strong>Pierre centrale<\/strong>: topaze bleue naturelle<\/li>\n<li><strong>Poids de la topaze<\/strong>: 0.65 carat<\/li>\n<li><strong>Pierres d\u2019accent<\/strong>: Diamants blancs naturels<\/li>\n<li><strong>Poids total des diamants<\/strong>: 0.04 carat<\/li>\n<li><strong>Sertissage<\/strong>: r\u00e9alis\u00e9 \u00e0 la main<\/li>\n<li><strong>Finition<\/strong>: Polie<\/li>\n<li><strong>S\u00e9lectionn\u00e9e et certifi\u00e9e par nos gemmologues<\/strong><\/li>\n<\/ul>","protected":false},"featured_media":6513,"template":"","meta":{"site-sidebar-layout":"default","site-content-layout":"","ast-site-content-layout":"default","site-content-style":"default","site-sidebar-style":"default","ast-global-header-display":"","ast-banner-title-visibility":"","ast-main-header-display":"","ast-hfb-above-header-display":"","ast-hfb-below-header-display":"","ast-hfb-mobile-header-display":"","site-post-title":"","ast-breadcrumbs-content":"","ast-featured-img":"","footer-sml-layout":"","ast-disable-related-posts":"","theme-transparent-header-meta":"default","adv-header-id-meta":"","stick-header-meta":"","header-above-stick-meta":"","header-main-stick-meta":"","header-below-stick-meta":"","astra-migrate-meta-layouts":"set","ast-page-background-enabled":"default","ast-page-background-meta":{"desktop":{"background-color":"var(--ast-global-color-4)","background-image":"","background-repeat":"repeat","background-position":"center center","background-size":"auto","background-attachment":"scroll","background-type":"","background-media":"","overlay-type":"","overlay-color":"","overlay-opacity":"","overlay-gradient":""},"tablet":{"background-color":"","background-image":"","background-repeat":"repeat","background-position":"center center","background-size":"auto","background-attachment":"scroll","background-type":"","background-media":"","overlay-type":"","overlay-color":"","overlay-opacity":"","overlay-gradient":""},"mobile":{"background-color":"","background-image":"","background-repeat":"repeat","background-position":"center center","background-size":"auto","background-attachment":"scroll","background-type":"","background-media":"","overlay-type":"","overlay-color":"","overlay-opacity":"","overlay-gradient":""}},"ast-content-background-meta":{"desktop":{"background-color":"var(--ast-global-color-5)","background-image":"","background-repeat":"repeat","background-position":"center center","background-size":"auto","background-attachment":"scroll","background-type":"","background-media":"","overlay-type":"","overlay-color":"","overlay-opacity":"","overlay-gradient":""},"tablet":{"background-color":"var(--ast-global-color-5)","background-image":"","background-repeat":"repeat","background-position":"center center","background-size":"auto","background-attachment":"scroll","background-type":"","background-media":"","overlay-type":"","overlay-color":"","overlay-opacity":"","overlay-gradient":""},"mobile":{"background-color":"var(--ast-global-color-5)","background-image":"","background-repeat":"repeat","background-position":"center center","background-size":"auto","background-attachment":"scroll","background-type":"","background-media":"","overlay-type":"","overlay-color":"","overlay-opacity":"","overlay-gradient":""}}},"product_brand":[],"product_cat":[26,25],"product_tag":[],"class_list":{"0":"post-6563","1":"product","2":"type-product","3":"status-publish","4":"has-post-thumbnail","6":"product_cat-rings","7":"product_cat-jewel","8":"desktop-align-left","9":"tablet-align-left","10":"mobile-align-left","12":"first","13":"instock","14":"shipping-taxable","15":"purchasable","16":"product-type-simple"},"_links":{"self":[{"href":"https:\/\/bluebird-gems.com\/fr\/wp-json\/wp\/v2\/product\/6563","targetHints":{"allow":["GET"]}}],"collection":[{"href":"https:\/\/bluebird-gems.com\/fr\/wp-json\/wp\/v2\/product"}],"about":[{"href":"https:\/\/bluebird-gems.com\/fr\/wp-json\/wp\/v2\/types\/product"}],"wp:featuredmedia":[{"embeddable":true,"href":"https:\/\/bluebird-gems.com\/fr\/wp-json\/wp\/v2\/media\/6513"}],"wp:attachment":[{"href":"https:\/\/bluebird-gems.com\/fr\/wp-json\/wp\/v2\/media?parent=6563"}],"wp:term":[{"taxonomy":"product_brand","embeddable":true,"href":"https:\/\/bluebird-gems.com\/fr\/wp-json\/wp\/v2\/product_brand?post=6563"},{"taxonomy":"product_cat","embeddable":true,"href":"https:\/\/bluebird-gems.com\/fr\/wp-json\/wp\/v2\/product_cat?post=6563"},{"taxonomy":"product_tag","embeddable":true,"href":"https:\/\/bluebird-gems.com\/fr\/wp-json\/wp\/v2\/product_tag?post=6563"}],"curies":[{"name":"wp","href":"https:\/\/api.w.org\/{rel}","templated":true}]}}