{"id":6565,"date":"2024-09-13T14:09:38","date_gmt":"2024-09-13T12:09:38","guid":{"rendered":"https:\/\/bluebird-gems.com\/?post_type=product&#038;p=6565"},"modified":"2026-02-01T18:07:37","modified_gmt":"2026-02-01T17:07:37","slug":"color-stone-ring","status":"publish","type":"product","link":"https:\/\/bluebird-gems.com\/fr\/color-stone-ring\/","title":{"rendered":"MOONRISE"},"content":{"rendered":"<p><strong>Moonrise est une bague raffin\u00e9e, inspir\u00e9e de la douceur lumineuse de l'aube.<\/strong><\/p>\n<p>Fa\u00e7onn\u00e9e en <strong>18k yellow gold<\/strong>elle r\u00e9v\u00e8le un trio harmonieux de pierres naturelles soigneusement s\u00e9lectionn\u00e9es :<\/p>\n<p>&nbsp;<\/p>\n<ul>\n<li><strong>Quartz rose<\/strong><\/li>\n<li><strong>Pierre de lune blanche<\/strong><\/li>\n<li><strong>Pierre de lune verte<\/strong><\/li>\n<\/ul>\n<p>Chaque gemme est choisie pour sa clart\u00e9 et sa lueur naturelle, puis sertie \u00e0 la main dans une silhouette fluide et \u00e9l\u00e9gante.<\/p>\n<p>&nbsp;<\/p>\n<p>La pi\u00e8ce est poin\u00e7onn\u00e9e, certifi\u00e9e et contr\u00f4l\u00e9e par nos gemmologues.<\/p>\n<p>&nbsp;<\/p>\n<p><strong>Un talisman moderne qui capture la beaut\u00e9 silencieuse du clair de lune naissant \u2014 d\u00e9licat, minimaliste et r\u00e9solument sophistiqu\u00e9.<\/strong><\/p>","protected":false},"excerpt":{"rendered":"<ul>\n<li><strong>Mat\u00e9riau<\/strong> : Or jaune 18 carats (750\/1000)<\/li>\n<li><strong>Pierres<\/strong> Quartz rose, Pierre de lune blanche, Pierre de lune verte<\/li>\n<li><strong>Poids total des pierres<\/strong> : Env. 1,36 ct<\/li>\n<li><strong>Sertissage<\/strong> : R\u00e9alis\u00e9 \u00e0 la main<\/li>\n<li><strong>Finition<\/strong> : Polie<\/li>\n<li>S\u00e9lectionn\u00e9e et certifi\u00e9e par nos gemmologues.<\/li>\n<\/ul>","protected":false},"featured_media":6519,"template":"","meta":{"site-sidebar-layout":"default","site-content-layout":"","ast-site-content-layout":"default","site-content-style":"default","site-sidebar-style":"default","ast-global-header-display":"","ast-banner-title-visibility":"","ast-main-header-display":"","ast-hfb-above-header-display":"","ast-hfb-below-header-display":"","ast-hfb-mobile-header-display":"","site-post-title":"","ast-breadcrumbs-content":"","ast-featured-img":"","footer-sml-layout":"","ast-disable-related-posts":"","theme-transparent-header-meta":"default","adv-header-id-meta":"","stick-header-meta":"","header-above-stick-meta":"","header-main-stick-meta":"","header-below-stick-meta":"","astra-migrate-meta-layouts":"set","ast-page-background-enabled":"default","ast-page-background-meta":{"desktop":{"background-color":"var(--ast-global-color-4)","background-image":"","background-repeat":"repeat","background-position":"center center","background-size":"auto","background-attachment":"scroll","background-type":"","background-media":"","overlay-type":"","overlay-color":"","overlay-opacity":"","overlay-gradient":""},"tablet":{"background-color":"","background-image":"","background-repeat":"repeat","background-position":"center center","background-size":"auto","background-attachment":"scroll","background-type":"","background-media":"","overlay-type":"","overlay-color":"","overlay-opacity":"","overlay-gradient":""},"mobile":{"background-color":"","background-image":"","background-repeat":"repeat","background-position":"center center","background-size":"auto","background-attachment":"scroll","background-type":"","background-media":"","overlay-type":"","overlay-color":"","overlay-opacity":"","overlay-gradient":""}},"ast-content-background-meta":{"desktop":{"background-color":"var(--ast-global-color-5)","background-image":"","background-repeat":"repeat","background-position":"center center","background-size":"auto","background-attachment":"scroll","background-type":"","background-media":"","overlay-type":"","overlay-color":"","overlay-opacity":"","overlay-gradient":""},"tablet":{"background-color":"var(--ast-global-color-5)","background-image":"","background-repeat":"repeat","background-position":"center center","background-size":"auto","background-attachment":"scroll","background-type":"","background-media":"","overlay-type":"","overlay-color":"","overlay-opacity":"","overlay-gradient":""},"mobile":{"background-color":"var(--ast-global-color-5)","background-image":"","background-repeat":"repeat","background-position":"center center","background-size":"auto","background-attachment":"scroll","background-type":"","background-media":"","overlay-type":"","overlay-color":"","overlay-opacity":"","overlay-gradient":""}}},"product_brand":[],"product_cat":[26,25],"product_tag":[],"class_list":{"0":"post-6565","1":"product","2":"type-product","3":"status-publish","4":"has-post-thumbnail","6":"product_cat-rings","7":"product_cat-jewel","8":"desktop-align-left","9":"tablet-align-left","10":"mobile-align-left","12":"first","13":"instock","14":"shipping-taxable","15":"purchasable","16":"product-type-simple"},"_links":{"self":[{"href":"https:\/\/bluebird-gems.com\/fr\/wp-json\/wp\/v2\/product\/6565","targetHints":{"allow":["GET"]}}],"collection":[{"href":"https:\/\/bluebird-gems.com\/fr\/wp-json\/wp\/v2\/product"}],"about":[{"href":"https:\/\/bluebird-gems.com\/fr\/wp-json\/wp\/v2\/types\/product"}],"wp:featuredmedia":[{"embeddable":true,"href":"https:\/\/bluebird-gems.com\/fr\/wp-json\/wp\/v2\/media\/6519"}],"wp:attachment":[{"href":"https:\/\/bluebird-gems.com\/fr\/wp-json\/wp\/v2\/media?parent=6565"}],"wp:term":[{"taxonomy":"product_brand","embeddable":true,"href":"https:\/\/bluebird-gems.com\/fr\/wp-json\/wp\/v2\/product_brand?post=6565"},{"taxonomy":"product_cat","embeddable":true,"href":"https:\/\/bluebird-gems.com\/fr\/wp-json\/wp\/v2\/product_cat?post=6565"},{"taxonomy":"product_tag","embeddable":true,"href":"https:\/\/bluebird-gems.com\/fr\/wp-json\/wp\/v2\/product_tag?post=6565"}],"curies":[{"name":"wp","href":"https:\/\/api.w.org\/{rel}","templated":true}]}}