{"id":6630,"date":"2024-09-26T16:45:24","date_gmt":"2024-09-26T14:45:24","guid":{"rendered":"https:\/\/bluebird-gems.com\/?post_type=product&#038;p=6630"},"modified":"2026-02-01T19:02:07","modified_gmt":"2026-02-01T18:02:07","slug":"spring","status":"publish","type":"product","link":"https:\/\/bluebird-gems.com\/fr\/spring\/","title":{"rendered":"SPRING"},"content":{"rendered":"<p><strong>Spring<\/strong> est un collier d\u00e9licat en saphir rose, mont\u00e9 sur une cha\u00eene en or rose 18 carats.<\/p>\n<p>&nbsp;<\/p>\n<p>La teinte douce de la pierre, associ\u00e9e \u00e0 la chaleur de l\u2019or rose, cr\u00e9e une pi\u00e8ce lumineuse et intemporelle.<\/p>\n<p>&nbsp;<\/p>\n<p>Chaque pierre est soigneusement s\u00e9lectionn\u00e9e, sertie avec pr\u00e9cision et certifi\u00e9e par nos gemmologues.<\/p>","protected":false},"excerpt":{"rendered":"<ul>\n<li><strong>Mat\u00e9riau<\/strong> : Or rose 18 carats (750\/1000)<\/li>\n<li><strong>Pierres<\/strong> : Saphir rose naturel<\/li>\n<li><strong>Poids total des pierres<\/strong> : 0.55 ct<\/li>\n<li><strong>Cha\u00eene<\/strong> : Or rose 18 carats<\/li>\n<li><strong>Sertissage<\/strong> : r\u00e9alis\u00e9 \u00e0 la main<\/li>\n<li><strong>Finition<\/strong>\u00a0: Polie<\/li>\n<li>S\u00e9lectionn\u00e9e et certifi\u00e9e par nos gemmologues.<\/li>\n<\/ul>","protected":false},"featured_media":6631,"template":"","meta":{"site-sidebar-layout":"default","site-content-layout":"","ast-site-content-layout":"default","site-content-style":"default","site-sidebar-style":"default","ast-global-header-display":"","ast-banner-title-visibility":"","ast-main-header-display":"","ast-hfb-above-header-display":"","ast-hfb-below-header-display":"","ast-hfb-mobile-header-display":"","site-post-title":"","ast-breadcrumbs-content":"","ast-featured-img":"","footer-sml-layout":"","ast-disable-related-posts":"","theme-transparent-header-meta":"default","adv-header-id-meta":"","stick-header-meta":"","header-above-stick-meta":"","header-main-stick-meta":"","header-below-stick-meta":"","astra-migrate-meta-layouts":"set","ast-page-background-enabled":"default","ast-page-background-meta":{"desktop":{"background-color":"var(--ast-global-color-4)","background-image":"","background-repeat":"repeat","background-position":"center center","background-size":"auto","background-attachment":"scroll","background-type":"","background-media":"","overlay-type":"","overlay-color":"","overlay-opacity":"","overlay-gradient":""},"tablet":{"background-color":"","background-image":"","background-repeat":"repeat","background-position":"center center","background-size":"auto","background-attachment":"scroll","background-type":"","background-media":"","overlay-type":"","overlay-color":"","overlay-opacity":"","overlay-gradient":""},"mobile":{"background-color":"","background-image":"","background-repeat":"repeat","background-position":"center center","background-size":"auto","background-attachment":"scroll","background-type":"","background-media":"","overlay-type":"","overlay-color":"","overlay-opacity":"","overlay-gradient":""}},"ast-content-background-meta":{"desktop":{"background-color":"var(--ast-global-color-5)","background-image":"","background-repeat":"repeat","background-position":"center center","background-size":"auto","background-attachment":"scroll","background-type":"","background-media":"","overlay-type":"","overlay-color":"","overlay-opacity":"","overlay-gradient":""},"tablet":{"background-color":"var(--ast-global-color-5)","background-image":"","background-repeat":"repeat","background-position":"center center","background-size":"auto","background-attachment":"scroll","background-type":"","background-media":"","overlay-type":"","overlay-color":"","overlay-opacity":"","overlay-gradient":""},"mobile":{"background-color":"var(--ast-global-color-5)","background-image":"","background-repeat":"repeat","background-position":"center center","background-size":"auto","background-attachment":"scroll","background-type":"","background-media":"","overlay-type":"","overlay-color":"","overlay-opacity":"","overlay-gradient":""}}},"product_brand":[],"product_cat":[25,28],"product_tag":[],"class_list":{"0":"post-6630","1":"product","2":"type-product","3":"status-publish","4":"has-post-thumbnail","6":"product_cat-jewel","7":"product_cat-necklaces","8":"desktop-align-left","9":"tablet-align-left","10":"mobile-align-left","12":"first","13":"instock","14":"shipping-taxable","15":"purchasable","16":"product-type-simple"},"_links":{"self":[{"href":"https:\/\/bluebird-gems.com\/fr\/wp-json\/wp\/v2\/product\/6630","targetHints":{"allow":["GET"]}}],"collection":[{"href":"https:\/\/bluebird-gems.com\/fr\/wp-json\/wp\/v2\/product"}],"about":[{"href":"https:\/\/bluebird-gems.com\/fr\/wp-json\/wp\/v2\/types\/product"}],"wp:featuredmedia":[{"embeddable":true,"href":"https:\/\/bluebird-gems.com\/fr\/wp-json\/wp\/v2\/media\/6631"}],"wp:attachment":[{"href":"https:\/\/bluebird-gems.com\/fr\/wp-json\/wp\/v2\/media?parent=6630"}],"wp:term":[{"taxonomy":"product_brand","embeddable":true,"href":"https:\/\/bluebird-gems.com\/fr\/wp-json\/wp\/v2\/product_brand?post=6630"},{"taxonomy":"product_cat","embeddable":true,"href":"https:\/\/bluebird-gems.com\/fr\/wp-json\/wp\/v2\/product_cat?post=6630"},{"taxonomy":"product_tag","embeddable":true,"href":"https:\/\/bluebird-gems.com\/fr\/wp-json\/wp\/v2\/product_tag?post=6630"}],"curies":[{"name":"wp","href":"https:\/\/api.w.org\/{rel}","templated":true}]}}